{"id":1627,"date":"2024-03-26T13:00:11","date_gmt":"2024-03-26T12:00:11","guid":{"rendered":"https:\/\/glentonjkb.fr\/?post_type=product&#038;p=1627"},"modified":"2025-10-24T16:10:04","modified_gmt":"2025-10-24T14:10:04","slug":"infinite_5","status":"publish","type":"product","link":"https:\/\/glentonjkb.fr\/en\/shop\/infinite_5\/","title":{"rendered":"INFINITE"},"content":{"rendered":"<p>Version Haute couture:<\/p>\n<p>Personnalisation ultime (<strong>habillage, verri\u00e8re, platine, <\/strong><strong>m\u00e9canique platine, m\u00e9canique bras robotis\u00e9, cellule de lecture, amplificateur, pr\u00e9-amplis) <\/strong>avec des options sur-mesure telles que la marqueterie bois, le m\u00e9lange de mati\u00e8res, les couleurs sp\u00e9ciales.<\/p>\n<p>Chaque pi\u00e8ce est unique et con\u00e7ue pour s&rsquo;int\u00e9grer parfaitement dans les int\u00e9rieurs les plus prestigieux incarnant ainsi exclusivit\u00e9 et raffinement.<\/p>\n<p>*sur devis<\/p>\n<hr \/>\n<p>Haute couture version:<\/p>\n<p>Ultimate customisation (casing, glass cover, turntable, turntable mechanics, robotic arm mechanics, cartridge, amplifier, pre-amplifiers) with bespoke options such as wood marquetry, mixed materials and special colours.<\/p>\n<p>Each piece is unique and designed to blend seamlessly into the most prestigious interiors, embodying exclusivity and refinement.<\/p>\n<p>*on quotation<\/p>","protected":false},"excerpt":{"rendered":"<p>Version Haute couture: Personnalisation ultime (habillage, verri\u00e8re, platine, m\u00e9canique platine, m\u00e9canique bras robotis\u00e9, cellule de lecture, amplificateur, pr\u00e9-amplis)&hellip;<\/p>","protected":false},"featured_media":3419,"comment_status":"open","ping_status":"closed","template":"","meta":[],"product_cat":[21],"product_tag":[],"class_list":{"0":"post-1627","1":"product","2":"type-product","3":"status-publish","4":"has-post-thumbnail","6":"product_cat-uncategorized","8":"first","9":"instock","10":"taxable","11":"shipping-taxable","12":"product-type-simple"},"yoast_head":"<!-- This site is optimized with the Yoast SEO plugin v23.4 - https:\/\/yoast.com\/wordpress\/plugins\/seo\/ -->\n<title>INFINITE &#8226; Glenton JKB<\/title>\n<meta name=\"robots\" content=\"index, follow, max-snippet:-1, max-image-preview:large, max-video-preview:-1\" \/>\n<link rel=\"canonical\" href=\"https:\/\/glentonjkb.fr\/en\/shop\/infinite_5\/\" \/>\n<meta property=\"og:locale\" content=\"en_US\" \/>\n<meta property=\"og:type\" content=\"article\" \/>\n<meta property=\"og:title\" content=\"INFINITE &#8226; Glenton JKB\" \/>\n<meta property=\"og:description\" content=\"Version Haute couture: Personnalisation ultime (habillage, verri\u00e8re, platine, m\u00e9canique platine, m\u00e9canique bras robotis\u00e9, cellule de lecture, amplificateur, pr\u00e9-amplis)&hellip;\" \/>\n<meta property=\"og:url\" content=\"https:\/\/glentonjkb.fr\/en\/shop\/infinite_5\/\" \/>\n<meta property=\"og:site_name\" content=\"Glenton JKB\" \/>\n<meta property=\"article:modified_time\" content=\"2025-10-24T14:10:04+00:00\" \/>\n<meta property=\"og:image\" content=\"https:\/\/glentonjkb.fr\/wp-content\/uploads\/2024\/04\/glenton-150_infinite_nobg-1-e1712274675196.webp\" \/>\n\t<meta property=\"og:image:width\" content=\"498\" \/>\n\t<meta property=\"og:image:height\" content=\"382\" \/>\n\t<meta property=\"og:image:type\" content=\"image\/webp\" \/>\n<meta name=\"twitter:card\" content=\"summary_large_image\" \/>\n<meta name=\"twitter:label1\" content=\"Est. reading time\" \/>\n\t<meta name=\"twitter:data1\" content=\"1 minute\" \/>\n<script type=\"application\/ld+json\" class=\"yoast-schema-graph\">{\"@context\":\"https:\/\/schema.org\",\"@graph\":[{\"@type\":\"WebPage\",\"@id\":\"https:\/\/glentonjkb.fr\/shop\/infinite_5\/\",\"url\":\"https:\/\/glentonjkb.fr\/shop\/infinite_5\/\",\"name\":\"INFINITE &#8226; Glenton JKB\",\"isPartOf\":{\"@id\":\"https:\/\/glentonjkb.fr\/#website\"},\"primaryImageOfPage\":{\"@id\":\"https:\/\/glentonjkb.fr\/shop\/infinite_5\/#primaryimage\"},\"image\":{\"@id\":\"https:\/\/glentonjkb.fr\/shop\/infinite_5\/#primaryimage\"},\"thumbnailUrl\":\"https:\/\/glentonjkb.fr\/wp-content\/uploads\/2024\/04\/glenton-150_infinite_nobg-1-e1712274675196.webp\",\"datePublished\":\"2024-03-26T12:00:11+00:00\",\"dateModified\":\"2025-10-24T14:10:04+00:00\",\"breadcrumb\":{\"@id\":\"https:\/\/glentonjkb.fr\/shop\/infinite_5\/#breadcrumb\"},\"inLanguage\":\"en-US\",\"potentialAction\":[{\"@type\":\"ReadAction\",\"target\":[\"https:\/\/glentonjkb.fr\/shop\/infinite_5\/\"]}]},{\"@type\":\"ImageObject\",\"inLanguage\":\"en-US\",\"@id\":\"https:\/\/glentonjkb.fr\/shop\/infinite_5\/#primaryimage\",\"url\":\"https:\/\/glentonjkb.fr\/wp-content\/uploads\/2024\/04\/glenton-150_infinite_nobg-1-e1712274675196.webp\",\"contentUrl\":\"https:\/\/glentonjkb.fr\/wp-content\/uploads\/2024\/04\/glenton-150_infinite_nobg-1-e1712274675196.webp\",\"width\":498,\"height\":382,\"caption\":\"Glenton Infinite\"},{\"@type\":\"BreadcrumbList\",\"@id\":\"https:\/\/glentonjkb.fr\/shop\/infinite_5\/#breadcrumb\",\"itemListElement\":[{\"@type\":\"ListItem\",\"position\":1,\"name\":\"Accueil\",\"item\":\"https:\/\/glentonjkb.fr\/\"},{\"@type\":\"ListItem\",\"position\":2,\"name\":\"Notre collection\",\"item\":\"https:\/\/glentonjkb.fr\/shop\/\"},{\"@type\":\"ListItem\",\"position\":3,\"name\":\"INFINITE\"}]},{\"@type\":\"WebSite\",\"@id\":\"https:\/\/glentonjkb.fr\/#website\",\"url\":\"https:\/\/glentonjkb.fr\/\",\"name\":\"Glenton JKB\",\"description\":\"Juxebox d&#039;exception pour int\u00e9rieur de prestige.\",\"publisher\":{\"@id\":\"https:\/\/glentonjkb.fr\/#organization\"},\"potentialAction\":[{\"@type\":\"SearchAction\",\"target\":{\"@type\":\"EntryPoint\",\"urlTemplate\":\"https:\/\/glentonjkb.fr\/?s={search_term_string}\"},\"query-input\":{\"@type\":\"PropertyValueSpecification\",\"valueRequired\":true,\"valueName\":\"search_term_string\"}}],\"inLanguage\":\"en-US\"},{\"@type\":\"Organization\",\"@id\":\"https:\/\/glentonjkb.fr\/#organization\",\"name\":\"Glenton JKB\",\"url\":\"https:\/\/glentonjkb.fr\/\",\"logo\":{\"@type\":\"ImageObject\",\"inLanguage\":\"en-US\",\"@id\":\"https:\/\/glentonjkb.fr\/#\/schema\/logo\/image\/\",\"url\":\"https:\/\/glentonjkb.com\/wp-content\/uploads\/2022\/03\/logo2.png\",\"contentUrl\":\"https:\/\/glentonjkb.com\/wp-content\/uploads\/2022\/03\/logo2.png\",\"width\":334,\"height\":335,\"caption\":\"Glenton JKB\"},\"image\":{\"@id\":\"https:\/\/glentonjkb.fr\/#\/schema\/logo\/image\/\"}}]}<\/script>\n<!-- \/ Yoast SEO plugin. -->","yoast_head_json":{"title":"INFINITE &#8226; Glenton JKB","robots":{"index":"index","follow":"follow","max-snippet":"max-snippet:-1","max-image-preview":"max-image-preview:large","max-video-preview":"max-video-preview:-1"},"canonical":"https:\/\/glentonjkb.fr\/en\/shop\/infinite_5\/","og_locale":"en_US","og_type":"article","og_title":"INFINITE &#8226; Glenton JKB","og_description":"Version Haute couture: Personnalisation ultime (habillage, verri\u00e8re, platine, m\u00e9canique platine, m\u00e9canique bras robotis\u00e9, cellule de lecture, amplificateur, pr\u00e9-amplis)&hellip;","og_url":"https:\/\/glentonjkb.fr\/en\/shop\/infinite_5\/","og_site_name":"Glenton JKB","article_modified_time":"2025-10-24T14:10:04+00:00","og_image":[{"width":498,"height":382,"url":"https:\/\/glentonjkb.fr\/wp-content\/uploads\/2024\/04\/glenton-150_infinite_nobg-1-e1712274675196.webp","type":"image\/webp"}],"twitter_card":"summary_large_image","twitter_misc":{"Est. reading time":"1 minute"},"schema":{"@context":"https:\/\/schema.org","@graph":[{"@type":"WebPage","@id":"https:\/\/glentonjkb.fr\/shop\/infinite_5\/","url":"https:\/\/glentonjkb.fr\/shop\/infinite_5\/","name":"INFINITE &#8226; Glenton JKB","isPartOf":{"@id":"https:\/\/glentonjkb.fr\/#website"},"primaryImageOfPage":{"@id":"https:\/\/glentonjkb.fr\/shop\/infinite_5\/#primaryimage"},"image":{"@id":"https:\/\/glentonjkb.fr\/shop\/infinite_5\/#primaryimage"},"thumbnailUrl":"https:\/\/glentonjkb.fr\/wp-content\/uploads\/2024\/04\/glenton-150_infinite_nobg-1-e1712274675196.webp","datePublished":"2024-03-26T12:00:11+00:00","dateModified":"2025-10-24T14:10:04+00:00","breadcrumb":{"@id":"https:\/\/glentonjkb.fr\/shop\/infinite_5\/#breadcrumb"},"inLanguage":"en-US","potentialAction":[{"@type":"ReadAction","target":["https:\/\/glentonjkb.fr\/shop\/infinite_5\/"]}]},{"@type":"ImageObject","inLanguage":"en-US","@id":"https:\/\/glentonjkb.fr\/shop\/infinite_5\/#primaryimage","url":"https:\/\/glentonjkb.fr\/wp-content\/uploads\/2024\/04\/glenton-150_infinite_nobg-1-e1712274675196.webp","contentUrl":"https:\/\/glentonjkb.fr\/wp-content\/uploads\/2024\/04\/glenton-150_infinite_nobg-1-e1712274675196.webp","width":498,"height":382,"caption":"Glenton Infinite"},{"@type":"BreadcrumbList","@id":"https:\/\/glentonjkb.fr\/shop\/infinite_5\/#breadcrumb","itemListElement":[{"@type":"ListItem","position":1,"name":"Accueil","item":"https:\/\/glentonjkb.fr\/"},{"@type":"ListItem","position":2,"name":"Notre collection","item":"https:\/\/glentonjkb.fr\/shop\/"},{"@type":"ListItem","position":3,"name":"INFINITE"}]},{"@type":"WebSite","@id":"https:\/\/glentonjkb.fr\/#website","url":"https:\/\/glentonjkb.fr\/","name":"Glenton JKB","description":"Juxebox d&#039;exception pour int\u00e9rieur de prestige.","publisher":{"@id":"https:\/\/glentonjkb.fr\/#organization"},"potentialAction":[{"@type":"SearchAction","target":{"@type":"EntryPoint","urlTemplate":"https:\/\/glentonjkb.fr\/?s={search_term_string}"},"query-input":{"@type":"PropertyValueSpecification","valueRequired":true,"valueName":"search_term_string"}}],"inLanguage":"en-US"},{"@type":"Organization","@id":"https:\/\/glentonjkb.fr\/#organization","name":"Glenton JKB","url":"https:\/\/glentonjkb.fr\/","logo":{"@type":"ImageObject","inLanguage":"en-US","@id":"https:\/\/glentonjkb.fr\/#\/schema\/logo\/image\/","url":"https:\/\/glentonjkb.com\/wp-content\/uploads\/2022\/03\/logo2.png","contentUrl":"https:\/\/glentonjkb.com\/wp-content\/uploads\/2022\/03\/logo2.png","width":334,"height":335,"caption":"Glenton JKB"},"image":{"@id":"https:\/\/glentonjkb.fr\/#\/schema\/logo\/image\/"}}]}},"_links":{"self":[{"href":"https:\/\/glentonjkb.fr\/en\/wp-json\/wp\/v2\/product\/1627","targetHints":{"allow":["GET"]}}],"collection":[{"href":"https:\/\/glentonjkb.fr\/en\/wp-json\/wp\/v2\/product"}],"about":[{"href":"https:\/\/glentonjkb.fr\/en\/wp-json\/wp\/v2\/types\/product"}],"replies":[{"embeddable":true,"href":"https:\/\/glentonjkb.fr\/en\/wp-json\/wp\/v2\/comments?post=1627"}],"version-history":[{"count":6,"href":"https:\/\/glentonjkb.fr\/en\/wp-json\/wp\/v2\/product\/1627\/revisions"}],"predecessor-version":[{"id":3822,"href":"https:\/\/glentonjkb.fr\/en\/wp-json\/wp\/v2\/product\/1627\/revisions\/3822"}],"wp:featuredmedia":[{"embeddable":true,"href":"https:\/\/glentonjkb.fr\/en\/wp-json\/wp\/v2\/media\/3419"}],"wp:attachment":[{"href":"https:\/\/glentonjkb.fr\/en\/wp-json\/wp\/v2\/media?parent=1627"}],"wp:term":[{"taxonomy":"product_cat","embeddable":true,"href":"https:\/\/glentonjkb.fr\/en\/wp-json\/wp\/v2\/product_cat?post=1627"},{"taxonomy":"product_tag","embeddable":true,"href":"https:\/\/glentonjkb.fr\/en\/wp-json\/wp\/v2\/product_tag?post=1627"}],"curies":[{"name":"wp","href":"https:\/\/api.w.org\/{rel}","templated":true}]}}