{"id":1622,"date":"2024-03-26T13:00:28","date_gmt":"2024-03-26T12:00:28","guid":{"rendered":"https:\/\/glentonjkb.fr\/?post_type=product&#038;p=1622"},"modified":"2025-10-24T12:01:16","modified_gmt":"2025-10-24T10:01:16","slug":"artisan_4","status":"publish","type":"product","link":"https:\/\/glentonjkb.fr\/en\/shop\/artisan_4\/","title":{"rendered":"ARTISAN EXCLUSIVE"},"content":{"rendered":"<p><strong>\u00c9l\u00e9gance supr\u00eame : couleur unie et fa\u00e7ade bois en pi\u00e8ce d&rsquo;\u00e9b\u00e9nisterie ou de marqueterie.<\/strong><\/p>\n<p><strong>Habillage\u00a0:<\/strong> Finition laqu\u00e9e une couleur au choix &amp; fa\u00e7ade en marqueterie bois<\/p>\n<p><strong>Verri\u00e8re\u00a0:<\/strong> Verre extra clair traitement anti-reflets<\/p>\n<p><strong>Platine\u00a0:<\/strong> Granit noir peu sensible aux rayures<\/p>\n<p><strong>M\u00e9canique platine\u00a0:<\/strong> Finition polie brillant<\/p>\n<p><strong>M\u00e9canique bras robotis\u00e9\u00a0:<\/strong> Finition mixte poli &amp; bross\u00e9<\/p>\n<p><strong>Cellule de lecture\u00a0:<\/strong> Cellules ortofon 2M blue \u2013 Premium<\/p>\n<p><strong>Amplificateur : <\/strong>Audiophonics 2*250W<\/p>\n<p><strong>Pr\u00e9-amplis :<\/strong> FX-AUDIO<\/p>\n<hr \/>\n<p><strong>Supreme elegance: solid colour and wood front in cabinetry or marquetry.<\/strong><\/p>\n<p><strong>Finish:<\/strong> Lacquered finish in a colour of your choice &amp; wood marquetry front.<\/p>\n<p><strong>Glass top:<\/strong> Extra-clear glass with anti-reflective treatment.<\/p>\n<p><strong>Turntable:<\/strong> Black granite, scratch-resistant.<\/p>\n<p><strong>Turntable mechanism:<\/strong> High-gloss polished finish.<\/p>\n<p><strong>Robotic arm mechanism:<\/strong> Mixed polished and brushed finish.<\/p>\n<p><strong>Cartridge:<\/strong> Ortofon 2M Blue \u2013 Premium.<\/p>\n<p><strong>Amplifier:<\/strong> Audiophonics 2*250W.<\/p>\n<p><strong>Pre-amplifiers:<\/strong> FX-AUDIO.<\/p>","protected":false},"excerpt":{"rendered":"<p>\u00c9l\u00e9gance supr\u00eame : couleur unie et fa\u00e7ade bois en pi\u00e8ce d&rsquo;\u00e9b\u00e9nisterie ou de marqueterie. Habillage\u00a0: Finition laqu\u00e9e une&hellip;<\/p>","protected":false},"featured_media":1624,"comment_status":"open","ping_status":"closed","template":"","meta":[],"product_cat":[21],"product_tag":[],"class_list":{"0":"post-1622","1":"product","2":"type-product","3":"status-publish","4":"has-post-thumbnail","6":"product_cat-uncategorized","8":"first","9":"instock","10":"taxable","11":"shipping-taxable","12":"product-type-simple"},"yoast_head":"<!-- This site is optimized with the Yoast SEO plugin v23.4 - https:\/\/yoast.com\/wordpress\/plugins\/seo\/ -->\n<title>ARTISAN EXCLUSIVE &#8226; Glenton JKB<\/title>\n<meta name=\"robots\" content=\"index, follow, max-snippet:-1, max-image-preview:large, max-video-preview:-1\" \/>\n<link rel=\"canonical\" href=\"https:\/\/glentonjkb.fr\/en\/shop\/artisan_4\/\" \/>\n<meta property=\"og:locale\" content=\"en_US\" \/>\n<meta property=\"og:type\" content=\"article\" \/>\n<meta property=\"og:title\" content=\"ARTISAN EXCLUSIVE &#8226; Glenton JKB\" \/>\n<meta property=\"og:description\" content=\"\u00c9l\u00e9gance supr\u00eame : couleur unie et fa\u00e7ade bois en pi\u00e8ce d&rsquo;\u00e9b\u00e9nisterie ou de marqueterie. Habillage\u00a0: Finition laqu\u00e9e une&hellip;\" \/>\n<meta property=\"og:url\" content=\"https:\/\/glentonjkb.fr\/en\/shop\/artisan_4\/\" \/>\n<meta property=\"og:site_name\" content=\"Glenton JKB\" \/>\n<meta property=\"article:modified_time\" content=\"2025-10-24T10:01:16+00:00\" \/>\n<meta property=\"og:image\" content=\"https:\/\/glentonjkb.fr\/wp-content\/uploads\/2024\/03\/Artisan-Exclusive.webp\" \/>\n\t<meta property=\"og:image:width\" content=\"1920\" \/>\n\t<meta property=\"og:image:height\" content=\"1203\" \/>\n\t<meta property=\"og:image:type\" content=\"image\/webp\" \/>\n<meta name=\"twitter:card\" content=\"summary_large_image\" \/>\n<meta name=\"twitter:label1\" content=\"Est. reading time\" \/>\n\t<meta name=\"twitter:data1\" content=\"1 minute\" \/>\n<script type=\"application\/ld+json\" class=\"yoast-schema-graph\">{\"@context\":\"https:\/\/schema.org\",\"@graph\":[{\"@type\":\"WebPage\",\"@id\":\"https:\/\/glentonjkb.fr\/shop\/artisan_4\/\",\"url\":\"https:\/\/glentonjkb.fr\/shop\/artisan_4\/\",\"name\":\"ARTISAN EXCLUSIVE &#8226; Glenton JKB\",\"isPartOf\":{\"@id\":\"https:\/\/glentonjkb.fr\/#website\"},\"primaryImageOfPage\":{\"@id\":\"https:\/\/glentonjkb.fr\/shop\/artisan_4\/#primaryimage\"},\"image\":{\"@id\":\"https:\/\/glentonjkb.fr\/shop\/artisan_4\/#primaryimage\"},\"thumbnailUrl\":\"https:\/\/glentonjkb.fr\/wp-content\/uploads\/2024\/03\/Artisan-Exclusive.webp\",\"datePublished\":\"2024-03-26T12:00:28+00:00\",\"dateModified\":\"2025-10-24T10:01:16+00:00\",\"breadcrumb\":{\"@id\":\"https:\/\/glentonjkb.fr\/shop\/artisan_4\/#breadcrumb\"},\"inLanguage\":\"en-US\",\"potentialAction\":[{\"@type\":\"ReadAction\",\"target\":[\"https:\/\/glentonjkb.fr\/shop\/artisan_4\/\"]}]},{\"@type\":\"ImageObject\",\"inLanguage\":\"en-US\",\"@id\":\"https:\/\/glentonjkb.fr\/shop\/artisan_4\/#primaryimage\",\"url\":\"https:\/\/glentonjkb.fr\/wp-content\/uploads\/2024\/03\/Artisan-Exclusive.webp\",\"contentUrl\":\"https:\/\/glentonjkb.fr\/wp-content\/uploads\/2024\/03\/Artisan-Exclusive.webp\",\"width\":1920,\"height\":1203},{\"@type\":\"BreadcrumbList\",\"@id\":\"https:\/\/glentonjkb.fr\/shop\/artisan_4\/#breadcrumb\",\"itemListElement\":[{\"@type\":\"ListItem\",\"position\":1,\"name\":\"Accueil\",\"item\":\"https:\/\/glentonjkb.fr\/\"},{\"@type\":\"ListItem\",\"position\":2,\"name\":\"Notre collection\",\"item\":\"https:\/\/glentonjkb.fr\/shop\/\"},{\"@type\":\"ListItem\",\"position\":3,\"name\":\"ARTISAN EXCLUSIVE\"}]},{\"@type\":\"WebSite\",\"@id\":\"https:\/\/glentonjkb.fr\/#website\",\"url\":\"https:\/\/glentonjkb.fr\/\",\"name\":\"Glenton JKB\",\"description\":\"Juxebox d&#039;exception pour int\u00e9rieur de prestige.\",\"publisher\":{\"@id\":\"https:\/\/glentonjkb.fr\/#organization\"},\"potentialAction\":[{\"@type\":\"SearchAction\",\"target\":{\"@type\":\"EntryPoint\",\"urlTemplate\":\"https:\/\/glentonjkb.fr\/?s={search_term_string}\"},\"query-input\":{\"@type\":\"PropertyValueSpecification\",\"valueRequired\":true,\"valueName\":\"search_term_string\"}}],\"inLanguage\":\"en-US\"},{\"@type\":\"Organization\",\"@id\":\"https:\/\/glentonjkb.fr\/#organization\",\"name\":\"Glenton JKB\",\"url\":\"https:\/\/glentonjkb.fr\/\",\"logo\":{\"@type\":\"ImageObject\",\"inLanguage\":\"en-US\",\"@id\":\"https:\/\/glentonjkb.fr\/#\/schema\/logo\/image\/\",\"url\":\"https:\/\/glentonjkb.com\/wp-content\/uploads\/2022\/03\/logo2.png\",\"contentUrl\":\"https:\/\/glentonjkb.com\/wp-content\/uploads\/2022\/03\/logo2.png\",\"width\":334,\"height\":335,\"caption\":\"Glenton JKB\"},\"image\":{\"@id\":\"https:\/\/glentonjkb.fr\/#\/schema\/logo\/image\/\"}}]}<\/script>\n<!-- \/ Yoast SEO plugin. -->","yoast_head_json":{"title":"ARTISAN EXCLUSIVE &#8226; Glenton JKB","robots":{"index":"index","follow":"follow","max-snippet":"max-snippet:-1","max-image-preview":"max-image-preview:large","max-video-preview":"max-video-preview:-1"},"canonical":"https:\/\/glentonjkb.fr\/en\/shop\/artisan_4\/","og_locale":"en_US","og_type":"article","og_title":"ARTISAN EXCLUSIVE &#8226; Glenton JKB","og_description":"\u00c9l\u00e9gance supr\u00eame : couleur unie et fa\u00e7ade bois en pi\u00e8ce d&rsquo;\u00e9b\u00e9nisterie ou de marqueterie. Habillage\u00a0: Finition laqu\u00e9e une&hellip;","og_url":"https:\/\/glentonjkb.fr\/en\/shop\/artisan_4\/","og_site_name":"Glenton JKB","article_modified_time":"2025-10-24T10:01:16+00:00","og_image":[{"width":1920,"height":1203,"url":"https:\/\/glentonjkb.fr\/wp-content\/uploads\/2024\/03\/Artisan-Exclusive.webp","type":"image\/webp"}],"twitter_card":"summary_large_image","twitter_misc":{"Est. reading time":"1 minute"},"schema":{"@context":"https:\/\/schema.org","@graph":[{"@type":"WebPage","@id":"https:\/\/glentonjkb.fr\/shop\/artisan_4\/","url":"https:\/\/glentonjkb.fr\/shop\/artisan_4\/","name":"ARTISAN EXCLUSIVE &#8226; Glenton JKB","isPartOf":{"@id":"https:\/\/glentonjkb.fr\/#website"},"primaryImageOfPage":{"@id":"https:\/\/glentonjkb.fr\/shop\/artisan_4\/#primaryimage"},"image":{"@id":"https:\/\/glentonjkb.fr\/shop\/artisan_4\/#primaryimage"},"thumbnailUrl":"https:\/\/glentonjkb.fr\/wp-content\/uploads\/2024\/03\/Artisan-Exclusive.webp","datePublished":"2024-03-26T12:00:28+00:00","dateModified":"2025-10-24T10:01:16+00:00","breadcrumb":{"@id":"https:\/\/glentonjkb.fr\/shop\/artisan_4\/#breadcrumb"},"inLanguage":"en-US","potentialAction":[{"@type":"ReadAction","target":["https:\/\/glentonjkb.fr\/shop\/artisan_4\/"]}]},{"@type":"ImageObject","inLanguage":"en-US","@id":"https:\/\/glentonjkb.fr\/shop\/artisan_4\/#primaryimage","url":"https:\/\/glentonjkb.fr\/wp-content\/uploads\/2024\/03\/Artisan-Exclusive.webp","contentUrl":"https:\/\/glentonjkb.fr\/wp-content\/uploads\/2024\/03\/Artisan-Exclusive.webp","width":1920,"height":1203},{"@type":"BreadcrumbList","@id":"https:\/\/glentonjkb.fr\/shop\/artisan_4\/#breadcrumb","itemListElement":[{"@type":"ListItem","position":1,"name":"Accueil","item":"https:\/\/glentonjkb.fr\/"},{"@type":"ListItem","position":2,"name":"Notre collection","item":"https:\/\/glentonjkb.fr\/shop\/"},{"@type":"ListItem","position":3,"name":"ARTISAN EXCLUSIVE"}]},{"@type":"WebSite","@id":"https:\/\/glentonjkb.fr\/#website","url":"https:\/\/glentonjkb.fr\/","name":"Glenton JKB","description":"Juxebox d&#039;exception pour int\u00e9rieur de prestige.","publisher":{"@id":"https:\/\/glentonjkb.fr\/#organization"},"potentialAction":[{"@type":"SearchAction","target":{"@type":"EntryPoint","urlTemplate":"https:\/\/glentonjkb.fr\/?s={search_term_string}"},"query-input":{"@type":"PropertyValueSpecification","valueRequired":true,"valueName":"search_term_string"}}],"inLanguage":"en-US"},{"@type":"Organization","@id":"https:\/\/glentonjkb.fr\/#organization","name":"Glenton JKB","url":"https:\/\/glentonjkb.fr\/","logo":{"@type":"ImageObject","inLanguage":"en-US","@id":"https:\/\/glentonjkb.fr\/#\/schema\/logo\/image\/","url":"https:\/\/glentonjkb.com\/wp-content\/uploads\/2022\/03\/logo2.png","contentUrl":"https:\/\/glentonjkb.com\/wp-content\/uploads\/2022\/03\/logo2.png","width":334,"height":335,"caption":"Glenton JKB"},"image":{"@id":"https:\/\/glentonjkb.fr\/#\/schema\/logo\/image\/"}}]}},"_links":{"self":[{"href":"https:\/\/glentonjkb.fr\/en\/wp-json\/wp\/v2\/product\/1622","targetHints":{"allow":["GET"]}}],"collection":[{"href":"https:\/\/glentonjkb.fr\/en\/wp-json\/wp\/v2\/product"}],"about":[{"href":"https:\/\/glentonjkb.fr\/en\/wp-json\/wp\/v2\/types\/product"}],"replies":[{"embeddable":true,"href":"https:\/\/glentonjkb.fr\/en\/wp-json\/wp\/v2\/comments?post=1622"}],"version-history":[{"count":7,"href":"https:\/\/glentonjkb.fr\/en\/wp-json\/wp\/v2\/product\/1622\/revisions"}],"predecessor-version":[{"id":4157,"href":"https:\/\/glentonjkb.fr\/en\/wp-json\/wp\/v2\/product\/1622\/revisions\/4157"}],"wp:featuredmedia":[{"embeddable":true,"href":"https:\/\/glentonjkb.fr\/en\/wp-json\/wp\/v2\/media\/1624"}],"wp:attachment":[{"href":"https:\/\/glentonjkb.fr\/en\/wp-json\/wp\/v2\/media?parent=1622"}],"wp:term":[{"taxonomy":"product_cat","embeddable":true,"href":"https:\/\/glentonjkb.fr\/en\/wp-json\/wp\/v2\/product_cat?post=1622"},{"taxonomy":"product_tag","embeddable":true,"href":"https:\/\/glentonjkb.fr\/en\/wp-json\/wp\/v2\/product_tag?post=1622"}],"curies":[{"name":"wp","href":"https:\/\/api.w.org\/{rel}","templated":true}]}}