{"id":1589,"date":"2024-03-26T16:00:06","date_gmt":"2024-03-26T15:00:06","guid":{"rendered":"https:\/\/glentonjkb.fr\/?post_type=product&#038;p=1589"},"modified":"2025-10-24T12:13:44","modified_gmt":"2025-10-24T10:13:44","slug":"pur","status":"publish","type":"product","link":"https:\/\/glentonjkb.fr\/en\/shop\/pur\/","title":{"rendered":"PUR"},"content":{"rendered":"<div data-elementor-type=\"product-post\" data-elementor-id=\"1589\" class=\"elementor elementor-1589\" data-elementor-post-type=\"product\">\n\t\t\t\t<div class=\"elementor-element elementor-element-2680721b e-flex e-con-boxed e-con e-parent\" data-id=\"2680721b\" data-element_type=\"container\">\n\t\t\t\t\t<div class=\"e-con-inner\">\n\t\t\t\t<div class=\"elementor-element elementor-element-425f6409 elementor-widget elementor-widget-text-editor\" data-id=\"425f6409\" data-element_type=\"widget\" data-widget_type=\"text-editor.default\">\n\t\t\t\t<div class=\"elementor-widget-container\">\n\t\t\t<style>\/*! elementor - v3.23.0 - 05-08-2024 *\/\n.elementor-widget-text-editor.elementor-drop-cap-view-stacked .elementor-drop-cap{background-color:#69727d;color:#fff}.elementor-widget-text-editor.elementor-drop-cap-view-framed .elementor-drop-cap{color:#69727d;border:3px solid;background-color:transparent}.elementor-widget-text-editor:not(.elementor-drop-cap-view-default) .elementor-drop-cap{margin-top:8px}.elementor-widget-text-editor:not(.elementor-drop-cap-view-default) .elementor-drop-cap-letter{width:1em;height:1em}.elementor-widget-text-editor .elementor-drop-cap{float:left;text-align:center;line-height:1;font-size:50px}.elementor-widget-text-editor .elementor-drop-cap-letter{display:inline-block}<\/style>\t\t\t\t<p><strong>\u00c9l\u00e9gance et simplicit\u00e9<\/strong><\/p><p><strong>Habillage\u00a0:<\/strong> Finition laqu\u00e9e, une couleur unie au choix<\/p><p><strong>Verri\u00e8re\u00a0:<\/strong> Verre clair avec tranche transparente<\/p><p><strong>Platine\u00a0:<\/strong> Marbre noir Marquina<\/p><p><strong>M\u00e9canique platine\u00a0:<\/strong> Finition bross\u00e9 mat<\/p><p><strong>M\u00e9canique bras robotis\u00e9\u00a0:<\/strong> Finition bross\u00e9e mat<\/p><p><strong>Cellule de lecture\u00a0:<\/strong> Cellules Ortofon OM2 Red<\/p><p><strong>Amplificateur : <\/strong>Audiophonics 2*250W<\/p><p><strong>Pr\u00e9-amplis :<\/strong> FX-AUDIO<\/p><hr \/><p><strong>Elegance and simplicity<\/strong><\/p><p><strong>Finish:<\/strong> Lacquered finish, choice of solid color<\/p><p><strong>Glass top:<\/strong> Clear glass with transparent edge<\/p><p><strong>Turntable:<\/strong> Black Marquina marble<\/p><p><strong>Turntable mechanism:<\/strong> Matte brushed finish<\/p><p><strong>Robotic arm mechanism:<\/strong> Matte brushed finish<\/p><p><strong>Cartridge:<\/strong> Ortofon OM2 Red cartridges<\/p><p><strong>Amplifier:<\/strong> Audiophonics 2*250W<\/p><p><strong>Preamps:<\/strong> FX-AUDIO<\/p>\t\t\t\t\t\t<\/div>\n\t\t\t\t<\/div>\n\t\t\t\t\t<\/div>\n\t\t\t\t<\/div>\n\t\t\t\t<\/div>","protected":false},"excerpt":{"rendered":"<p>\u00c9l\u00e9gance et simplicit\u00e9 Habillage\u00a0: Finition laqu\u00e9e, une couleur unie au choix Verri\u00e8re\u00a0: Verre clair avec tranche transparente Platine\u00a0:&hellip;<\/p>","protected":false},"featured_media":1606,"comment_status":"open","ping_status":"closed","template":"","meta":[],"product_cat":[21],"product_tag":[],"class_list":{"0":"post-1589","1":"product","2":"type-product","3":"status-publish","4":"has-post-thumbnail","6":"product_cat-uncategorized","8":"first","9":"instock","10":"taxable","11":"shipping-taxable","12":"product-type-simple"},"yoast_head":"<!-- This site is optimized with the Yoast SEO plugin v23.4 - https:\/\/yoast.com\/wordpress\/plugins\/seo\/ -->\n<title>PUR &#8226; Glenton JKB<\/title>\n<meta name=\"robots\" content=\"index, follow, max-snippet:-1, max-image-preview:large, max-video-preview:-1\" \/>\n<link rel=\"canonical\" href=\"https:\/\/glentonjkb.fr\/en\/shop\/pur\/\" \/>\n<meta property=\"og:locale\" content=\"en_US\" \/>\n<meta property=\"og:type\" content=\"article\" \/>\n<meta property=\"og:title\" content=\"PUR &#8226; Glenton JKB\" \/>\n<meta property=\"og:description\" content=\"\u00c9l\u00e9gance et simplicit\u00e9 Habillage\u00a0: Finition laqu\u00e9e, une couleur unie au choix Verri\u00e8re\u00a0: Verre clair avec tranche transparente Platine\u00a0:&hellip;\" \/>\n<meta property=\"og:url\" content=\"https:\/\/glentonjkb.fr\/en\/shop\/pur\/\" \/>\n<meta property=\"og:site_name\" content=\"Glenton JKB\" \/>\n<meta property=\"article:modified_time\" content=\"2025-10-24T10:13:44+00:00\" \/>\n<meta property=\"og:image\" content=\"https:\/\/glentonjkb.fr\/wp-content\/uploads\/2024\/03\/Pur2.png\" \/>\n\t<meta property=\"og:image:width\" content=\"2200\" \/>\n\t<meta property=\"og:image:height\" content=\"1378\" \/>\n\t<meta property=\"og:image:type\" content=\"image\/png\" \/>\n<meta name=\"twitter:card\" content=\"summary_large_image\" \/>\n<script type=\"application\/ld+json\" class=\"yoast-schema-graph\">{\"@context\":\"https:\/\/schema.org\",\"@graph\":[{\"@type\":\"WebPage\",\"@id\":\"https:\/\/glentonjkb.fr\/shop\/pur\/\",\"url\":\"https:\/\/glentonjkb.fr\/shop\/pur\/\",\"name\":\"PUR &#8226; Glenton JKB\",\"isPartOf\":{\"@id\":\"https:\/\/glentonjkb.fr\/#website\"},\"primaryImageOfPage\":{\"@id\":\"https:\/\/glentonjkb.fr\/shop\/pur\/#primaryimage\"},\"image\":{\"@id\":\"https:\/\/glentonjkb.fr\/shop\/pur\/#primaryimage\"},\"thumbnailUrl\":\"https:\/\/glentonjkb.fr\/wp-content\/uploads\/2024\/03\/Pur2.png\",\"datePublished\":\"2024-03-26T15:00:06+00:00\",\"dateModified\":\"2025-10-24T10:13:44+00:00\",\"breadcrumb\":{\"@id\":\"https:\/\/glentonjkb.fr\/shop\/pur\/#breadcrumb\"},\"inLanguage\":\"en-US\",\"potentialAction\":[{\"@type\":\"ReadAction\",\"target\":[\"https:\/\/glentonjkb.fr\/shop\/pur\/\"]}]},{\"@type\":\"ImageObject\",\"inLanguage\":\"en-US\",\"@id\":\"https:\/\/glentonjkb.fr\/shop\/pur\/#primaryimage\",\"url\":\"https:\/\/glentonjkb.fr\/wp-content\/uploads\/2024\/03\/Pur2.png\",\"contentUrl\":\"https:\/\/glentonjkb.fr\/wp-content\/uploads\/2024\/03\/Pur2.png\",\"width\":2200,\"height\":1378},{\"@type\":\"BreadcrumbList\",\"@id\":\"https:\/\/glentonjkb.fr\/shop\/pur\/#breadcrumb\",\"itemListElement\":[{\"@type\":\"ListItem\",\"position\":1,\"name\":\"Accueil\",\"item\":\"https:\/\/glentonjkb.fr\/\"},{\"@type\":\"ListItem\",\"position\":2,\"name\":\"Notre collection\",\"item\":\"https:\/\/glentonjkb.fr\/shop\/\"},{\"@type\":\"ListItem\",\"position\":3,\"name\":\"PUR\"}]},{\"@type\":\"WebSite\",\"@id\":\"https:\/\/glentonjkb.fr\/#website\",\"url\":\"https:\/\/glentonjkb.fr\/\",\"name\":\"Glenton JKB\",\"description\":\"Juxebox d&#039;exception pour int\u00e9rieur de prestige.\",\"publisher\":{\"@id\":\"https:\/\/glentonjkb.fr\/#organization\"},\"potentialAction\":[{\"@type\":\"SearchAction\",\"target\":{\"@type\":\"EntryPoint\",\"urlTemplate\":\"https:\/\/glentonjkb.fr\/?s={search_term_string}\"},\"query-input\":{\"@type\":\"PropertyValueSpecification\",\"valueRequired\":true,\"valueName\":\"search_term_string\"}}],\"inLanguage\":\"en-US\"},{\"@type\":\"Organization\",\"@id\":\"https:\/\/glentonjkb.fr\/#organization\",\"name\":\"Glenton JKB\",\"url\":\"https:\/\/glentonjkb.fr\/\",\"logo\":{\"@type\":\"ImageObject\",\"inLanguage\":\"en-US\",\"@id\":\"https:\/\/glentonjkb.fr\/#\/schema\/logo\/image\/\",\"url\":\"https:\/\/glentonjkb.com\/wp-content\/uploads\/2022\/03\/logo2.png\",\"contentUrl\":\"https:\/\/glentonjkb.com\/wp-content\/uploads\/2022\/03\/logo2.png\",\"width\":334,\"height\":335,\"caption\":\"Glenton JKB\"},\"image\":{\"@id\":\"https:\/\/glentonjkb.fr\/#\/schema\/logo\/image\/\"}}]}<\/script>\n<!-- \/ Yoast SEO plugin. -->","yoast_head_json":{"title":"PUR &#8226; Glenton JKB","robots":{"index":"index","follow":"follow","max-snippet":"max-snippet:-1","max-image-preview":"max-image-preview:large","max-video-preview":"max-video-preview:-1"},"canonical":"https:\/\/glentonjkb.fr\/en\/shop\/pur\/","og_locale":"en_US","og_type":"article","og_title":"PUR &#8226; Glenton JKB","og_description":"\u00c9l\u00e9gance et simplicit\u00e9 Habillage\u00a0: Finition laqu\u00e9e, une couleur unie au choix Verri\u00e8re\u00a0: Verre clair avec tranche transparente Platine\u00a0:&hellip;","og_url":"https:\/\/glentonjkb.fr\/en\/shop\/pur\/","og_site_name":"Glenton JKB","article_modified_time":"2025-10-24T10:13:44+00:00","og_image":[{"width":2200,"height":1378,"url":"https:\/\/glentonjkb.fr\/wp-content\/uploads\/2024\/03\/Pur2.png","type":"image\/png"}],"twitter_card":"summary_large_image","schema":{"@context":"https:\/\/schema.org","@graph":[{"@type":"WebPage","@id":"https:\/\/glentonjkb.fr\/shop\/pur\/","url":"https:\/\/glentonjkb.fr\/shop\/pur\/","name":"PUR &#8226; Glenton JKB","isPartOf":{"@id":"https:\/\/glentonjkb.fr\/#website"},"primaryImageOfPage":{"@id":"https:\/\/glentonjkb.fr\/shop\/pur\/#primaryimage"},"image":{"@id":"https:\/\/glentonjkb.fr\/shop\/pur\/#primaryimage"},"thumbnailUrl":"https:\/\/glentonjkb.fr\/wp-content\/uploads\/2024\/03\/Pur2.png","datePublished":"2024-03-26T15:00:06+00:00","dateModified":"2025-10-24T10:13:44+00:00","breadcrumb":{"@id":"https:\/\/glentonjkb.fr\/shop\/pur\/#breadcrumb"},"inLanguage":"en-US","potentialAction":[{"@type":"ReadAction","target":["https:\/\/glentonjkb.fr\/shop\/pur\/"]}]},{"@type":"ImageObject","inLanguage":"en-US","@id":"https:\/\/glentonjkb.fr\/shop\/pur\/#primaryimage","url":"https:\/\/glentonjkb.fr\/wp-content\/uploads\/2024\/03\/Pur2.png","contentUrl":"https:\/\/glentonjkb.fr\/wp-content\/uploads\/2024\/03\/Pur2.png","width":2200,"height":1378},{"@type":"BreadcrumbList","@id":"https:\/\/glentonjkb.fr\/shop\/pur\/#breadcrumb","itemListElement":[{"@type":"ListItem","position":1,"name":"Accueil","item":"https:\/\/glentonjkb.fr\/"},{"@type":"ListItem","position":2,"name":"Notre collection","item":"https:\/\/glentonjkb.fr\/shop\/"},{"@type":"ListItem","position":3,"name":"PUR"}]},{"@type":"WebSite","@id":"https:\/\/glentonjkb.fr\/#website","url":"https:\/\/glentonjkb.fr\/","name":"Glenton JKB","description":"Juxebox d&#039;exception pour int\u00e9rieur de prestige.","publisher":{"@id":"https:\/\/glentonjkb.fr\/#organization"},"potentialAction":[{"@type":"SearchAction","target":{"@type":"EntryPoint","urlTemplate":"https:\/\/glentonjkb.fr\/?s={search_term_string}"},"query-input":{"@type":"PropertyValueSpecification","valueRequired":true,"valueName":"search_term_string"}}],"inLanguage":"en-US"},{"@type":"Organization","@id":"https:\/\/glentonjkb.fr\/#organization","name":"Glenton JKB","url":"https:\/\/glentonjkb.fr\/","logo":{"@type":"ImageObject","inLanguage":"en-US","@id":"https:\/\/glentonjkb.fr\/#\/schema\/logo\/image\/","url":"https:\/\/glentonjkb.com\/wp-content\/uploads\/2022\/03\/logo2.png","contentUrl":"https:\/\/glentonjkb.com\/wp-content\/uploads\/2022\/03\/logo2.png","width":334,"height":335,"caption":"Glenton JKB"},"image":{"@id":"https:\/\/glentonjkb.fr\/#\/schema\/logo\/image\/"}}]}},"_links":{"self":[{"href":"https:\/\/glentonjkb.fr\/en\/wp-json\/wp\/v2\/product\/1589","targetHints":{"allow":["GET"]}}],"collection":[{"href":"https:\/\/glentonjkb.fr\/en\/wp-json\/wp\/v2\/product"}],"about":[{"href":"https:\/\/glentonjkb.fr\/en\/wp-json\/wp\/v2\/types\/product"}],"replies":[{"embeddable":true,"href":"https:\/\/glentonjkb.fr\/en\/wp-json\/wp\/v2\/comments?post=1589"}],"version-history":[{"count":43,"href":"https:\/\/glentonjkb.fr\/en\/wp-json\/wp\/v2\/product\/1589\/revisions"}],"predecessor-version":[{"id":4161,"href":"https:\/\/glentonjkb.fr\/en\/wp-json\/wp\/v2\/product\/1589\/revisions\/4161"}],"wp:featuredmedia":[{"embeddable":true,"href":"https:\/\/glentonjkb.fr\/en\/wp-json\/wp\/v2\/media\/1606"}],"wp:attachment":[{"href":"https:\/\/glentonjkb.fr\/en\/wp-json\/wp\/v2\/media?parent=1589"}],"wp:term":[{"taxonomy":"product_cat","embeddable":true,"href":"https:\/\/glentonjkb.fr\/en\/wp-json\/wp\/v2\/product_cat?post=1589"},{"taxonomy":"product_tag","embeddable":true,"href":"https:\/\/glentonjkb.fr\/en\/wp-json\/wp\/v2\/product_tag?post=1589"}],"curies":[{"name":"wp","href":"https:\/\/api.w.org\/{rel}","templated":true}]}}