{"id":3638,"date":"2024-04-09T23:29:46","date_gmt":"2024-04-09T21:29:46","guid":{"rendered":"https:\/\/glentonjkb.fr\/?page_id=3638"},"modified":"2024-07-01T23:47:22","modified_gmt":"2024-07-01T21:47:22","slug":"savoir-faire","status":"publish","type":"page","link":"https:\/\/glentonjkb.fr\/en\/savoir-faire\/","title":{"rendered":"Expertise"},"content":{"rendered":"<div data-elementor-type=\"wp-page\" data-elementor-id=\"3638\" class=\"elementor elementor-3638\" data-elementor-post-type=\"page\">\n\t\t\t\t<div class=\"elementor-element elementor-element-7a8bddf e-flex e-con-boxed e-con e-parent\" data-id=\"7a8bddf\" data-element_type=\"container\">\n\t\t\t\t\t<div class=\"e-con-inner\">\n\t\t<div class=\"elementor-element elementor-element-466b282 e-con-full e-flex e-con e-child\" data-id=\"466b282\" data-element_type=\"container\">\n\t\t\t\t<div class=\"elementor-element elementor-element-76c04a9 elementor-widget elementor-widget-heading\" data-id=\"76c04a9\" data-element_type=\"widget\" data-widget_type=\"heading.default\">\n\t\t\t\t<div class=\"elementor-widget-container\">\n\t\t\t<style>\/*! elementor - v3.23.0 - 05-08-2024 *\/\n.elementor-heading-title{padding:0;margin:0;line-height:1}.elementor-widget-heading .elementor-heading-title[class*=elementor-size-]>a{color:inherit;font-size:inherit;line-height:inherit}.elementor-widget-heading .elementor-heading-title.elementor-size-small{font-size:15px}.elementor-widget-heading .elementor-heading-title.elementor-size-medium{font-size:19px}.elementor-widget-heading .elementor-heading-title.elementor-size-large{font-size:29px}.elementor-widget-heading .elementor-heading-title.elementor-size-xl{font-size:39px}.elementor-widget-heading .elementor-heading-title.elementor-size-xxl{font-size:59px}<\/style><span class=\"elementor-heading-title elementor-size-default\">GLENTON 150<\/span>\t\t<\/div>\n\t\t\t\t<\/div>\n\t\t\t\t<div class=\"elementor-element elementor-element-fa2f5f9 elementor-widget elementor-widget-text-editor\" data-id=\"fa2f5f9\" data-element_type=\"widget\" data-widget_type=\"text-editor.default\">\n\t\t\t\t<div class=\"elementor-widget-container\">\n\t\t\t<style>\/*! elementor - v3.23.0 - 05-08-2024 *\/\n.elementor-widget-text-editor.elementor-drop-cap-view-stacked .elementor-drop-cap{background-color:#69727d;color:#fff}.elementor-widget-text-editor.elementor-drop-cap-view-framed .elementor-drop-cap{color:#69727d;border:3px solid;background-color:transparent}.elementor-widget-text-editor:not(.elementor-drop-cap-view-default) .elementor-drop-cap{margin-top:8px}.elementor-widget-text-editor:not(.elementor-drop-cap-view-default) .elementor-drop-cap-letter{width:1em;height:1em}.elementor-widget-text-editor .elementor-drop-cap{float:left;text-align:center;line-height:1;font-size:50px}.elementor-widget-text-editor .elementor-drop-cap-letter{display:inline-block}<\/style>\t\t\t\t<p>Glenton JKB reinvents the jukebox with its exceptional model, the Glenton 150, and offers an unrivaled vinyl listening experience in a high-end, fully customizable setting.<\/p><p>The artisanal heritage of its creator is expressed in every detail of the Glenton 150 jukebox. It pushes the boundaries of possibility with an exceptional storage capacity of 150 33 rpm vinyl records and a high-end design designed to fit into interiors the most refined. Its modern media player features allow you to create and save personalized playlists.<\/p><p>Equipped with two marble plates, specially designed for this creation, Glenton 150 is intended to be the stage for a true technological spectacle. Behind its glass dome, 150 vinyl records, carefully arranged in a luminous rack, come to life under the precise movements of a revolutionary robotic arm.<\/p><p>This new benchmark in the world of jukeboxes, a subtle alliance between tradition and modernity, offers an immersive musical experience of remarkable richness and finesse...<\/p>\t\t\t\t\t\t<\/div>\n\t\t\t\t<\/div>\n\t\t\t\t<\/div>\n\t\t\t\t\t<\/div>\n\t\t\t\t<\/div>\n\t\t<div class=\"elementor-element elementor-element-5cbf36c e-flex e-con-boxed e-con e-parent\" data-id=\"5cbf36c\" data-element_type=\"container\">\n\t\t\t\t\t<div class=\"e-con-inner\">\n\t\t<div class=\"elementor-element elementor-element-5eac12b e-con-full e-flex e-con e-child\" data-id=\"5eac12b\" data-element_type=\"container\">\n\t\t\t\t<div class=\"elementor-element elementor-element-2a5a465 elementor-widget elementor-widget-heading\" data-id=\"2a5a465\" data-element_type=\"widget\" data-widget_type=\"heading.default\">\n\t\t\t\t<div class=\"elementor-widget-container\">\n\t\t\t<span class=\"elementor-heading-title elementor-size-default\">DESIGN :<\/span>\t\t<\/div>\n\t\t\t\t<\/div>\n\t\t\t\t<div class=\"elementor-element elementor-element-4fb3807 elementor-widget elementor-widget-text-editor\" data-id=\"4fb3807\" data-element_type=\"widget\" data-widget_type=\"text-editor.default\">\n\t\t\t\t<div class=\"elementor-widget-container\">\n\t\t\t\t\t\t\t<p>Glenton 150 offers a range of 5 premium products designed to meet the most demanding design and acoustic needs.<\/p><p><span style=\"color: #ddc077;\"><strong>Pur :<\/strong><\/span> Elegant simplicity in a solid color palette.<br \/><span style=\"color: #ddc077;\"><strong>Pur Split :<\/strong><\/span> Sophisticated contrast with two distinct colors.<br \/><span style=\"color: #ddc077;\"><strong>Artisan :<\/strong><\/span> Harmony between modernity and tradition, offering two colors including one in elegant wood veneer.<br \/><span style=\"color: #ddc077;\"><strong>Artisan Exclusive :<\/strong><\/span> Absolute luxury with solid color and wooden cabinetry or marquetry facade.<br \/><span style=\"color: #ddc077;\"><strong>Infinite :<\/strong><\/span> Total customization with tailor-made options such as wood marquetry, material mixes and special colors.<\/p><p>Each model embodies exclusivity and refinement, designed to fit perfectly into the most prestigious interiors and enhance your distinctive style.<\/p>\t\t\t\t\t\t<\/div>\n\t\t\t\t<\/div>\n\t\t\t\t<\/div>\n\t\t<div class=\"elementor-element elementor-element-c94fb95 e-con-full e-flex e-con e-child\" data-id=\"c94fb95\" data-element_type=\"container\" data-settings=\"{&quot;background_background&quot;:&quot;classic&quot;}\">\n\t\t\t\t<div class=\"elementor-element elementor-element-ef4c76d elementor-widget elementor-widget-heading\" data-id=\"ef4c76d\" data-element_type=\"widget\" data-widget_type=\"heading.default\">\n\t\t\t\t<div class=\"elementor-widget-container\">\n\t\t\t<span class=\"elementor-heading-title elementor-size-default\">Prototype GLENTON 150<\/span>\t\t<\/div>\n\t\t\t\t<\/div>\n\t\t\t\t<div class=\"elementor-element elementor-element-8540bf4 elementor-widget elementor-widget-heading\" data-id=\"8540bf4\" data-element_type=\"widget\" data-widget_type=\"heading.default\">\n\t\t\t\t<div class=\"elementor-widget-container\">\n\t\t\t<span class=\"elementor-heading-title elementor-size-default\">GLENTON JKB<\/span>\t\t<\/div>\n\t\t\t\t<\/div>\n\t\t\t\t<\/div>\n\t\t\t\t\t<\/div>\n\t\t\t\t<\/div>\n\t\t<div class=\"elementor-element elementor-element-282dec1 e-flex e-con-boxed e-con e-parent\" data-id=\"282dec1\" data-element_type=\"container\">\n\t\t\t\t\t<div class=\"e-con-inner\">\n\t\t<div class=\"elementor-element elementor-element-6275988 e-con-full e-flex e-con e-child\" data-id=\"6275988\" data-element_type=\"container\">\n\t\t\t\t<div class=\"elementor-element elementor-element-ddcdb52 elementor-widget elementor-widget-heading\" data-id=\"ddcdb52\" data-element_type=\"widget\" data-widget_type=\"heading.default\">\n\t\t\t\t<div class=\"elementor-widget-container\">\n\t\t\t<span class=\"elementor-heading-title elementor-size-default\">TECHNOLOGICAL INNOVATION :<\/span>\t\t<\/div>\n\t\t\t\t<\/div>\n\t\t\t\t<div class=\"elementor-element elementor-element-ae10102 elementor-widget elementor-widget-text-editor\" data-id=\"ae10102\" data-element_type=\"widget\" data-widget_type=\"text-editor.default\">\n\t\t\t\t<div class=\"elementor-widget-container\">\n\t\t\t\t\t\t\t<ul><li><span class=\"OYPEnA text-decoration-none text-strikethrough-none\">Robot arm allowing the handling of 12-inch (33 rpm) or 7-inch (45 rpm) vinyl records.<\/span><\/li><li><span class=\"OYPEnA text-decoration-none text-strikethrough-none\">Overall design allows the robot arm to remove or store records on the storage racks, turn them over or place them on one of the two turntables while the other plays.<\/span><\/li><li><span class=\"OYPEnA text-decoration-none text-strikethrough-none\">Two playback decks equipped with a detection and positioning system for the reading cell on the chosen track.<\/span><\/li><\/ul>\t\t\t\t\t\t<\/div>\n\t\t\t\t<\/div>\n\t\t\t\t<\/div>\n\t\t<div class=\"elementor-element elementor-element-41c86a6 e-con-full e-flex e-con e-child\" data-id=\"41c86a6\" data-element_type=\"container\" data-settings=\"{&quot;background_background&quot;:&quot;classic&quot;}\">\n\t\t\t\t<div class=\"elementor-element elementor-element-0b896fb elementor-widget elementor-widget-heading\" data-id=\"0b896fb\" data-element_type=\"widget\" data-widget_type=\"heading.default\">\n\t\t\t\t<div class=\"elementor-widget-container\">\n\t\t\t<span class=\"elementor-heading-title elementor-size-default\">design interieur<\/span>\t\t<\/div>\n\t\t\t\t<\/div>\n\t\t\t\t<div class=\"elementor-element elementor-element-20db36f elementor-widget elementor-widget-heading\" data-id=\"20db36f\" data-element_type=\"widget\" data-widget_type=\"heading.default\">\n\t\t\t\t<div class=\"elementor-widget-container\">\n\t\t\t<span class=\"elementor-heading-title elementor-size-default\">GLENTON JKB<\/span>\t\t<\/div>\n\t\t\t\t<\/div>\n\t\t\t\t<\/div>\n\t\t\t\t\t<\/div>\n\t\t\t\t<\/div>\n\t\t<div class=\"elementor-element elementor-element-2f6c8d6 e-flex e-con-boxed e-con e-parent\" data-id=\"2f6c8d6\" data-element_type=\"container\">\n\t\t\t\t\t<div class=\"e-con-inner\">\n\t\t<div class=\"elementor-element elementor-element-ca6094b e-con-full e-flex e-con e-child\" data-id=\"ca6094b\" data-element_type=\"container\">\n\t\t\t\t<div class=\"elementor-element elementor-element-948dd4e elementor-widget elementor-widget-heading\" data-id=\"948dd4e\" data-element_type=\"widget\" data-widget_type=\"heading.default\">\n\t\t\t\t<div class=\"elementor-widget-container\">\n\t\t\t<span class=\"elementor-heading-title elementor-size-default\">TECHNICAL CHARACTERISTICS : <\/span>\t\t<\/div>\n\t\t\t\t<\/div>\n\t\t\t\t<div class=\"elementor-element elementor-element-84d5b3b elementor-widget elementor-widget-text-editor\" data-id=\"84d5b3b\" data-element_type=\"widget\" data-widget_type=\"text-editor.default\">\n\t\t\t\t<div class=\"elementor-widget-container\">\n\t\t\t\t\t\t\t<ul><li>\u2022 Maximum storage: 150 vinyl records in 33 rpm format <br \/>\u2022 Ability to mix up to 100 hours of non-stop music<br \/>\u2022 Ability to create and save personalized playlists<br \/>\u2022 Compatible with 33 rpm (LP, 12\u2033), 45 rpm (EP, 7\u2033), Maxi 45 rpm<br \/>\u2022 Minimized sound distortion thanks to long, lightweight aluminum and carbon fiber tonearms <br \/>\u2022 Solid natural stone plates<br \/>\u2022 Separable integrated speakers<br \/>\u2022 Cleaning of discs by the robot arm<br \/>\u2022 Detection of scratched discs and automatic skipping of scratched parts<\/li><\/ul>\t\t\t\t\t\t<\/div>\n\t\t\t\t<\/div>\n\t\t\t\t<\/div>\n\t\t<div class=\"elementor-element elementor-element-54962c8 e-con-full e-flex e-con e-child\" data-id=\"54962c8\" data-element_type=\"container\" data-settings=\"{&quot;background_background&quot;:&quot;classic&quot;}\">\n\t\t\t\t<div class=\"elementor-element elementor-element-ee74b79 elementor-widget elementor-widget-heading\" data-id=\"ee74b79\" data-element_type=\"widget\" data-widget_type=\"heading.default\">\n\t\t\t\t<div class=\"elementor-widget-container\">\n\t\t\t<span class=\"elementor-heading-title elementor-size-default\">Prototype bras robotis\u00e9<\/span>\t\t<\/div>\n\t\t\t\t<\/div>\n\t\t\t\t<div class=\"elementor-element elementor-element-002b356 elementor-widget elementor-widget-heading\" data-id=\"002b356\" data-element_type=\"widget\" data-widget_type=\"heading.default\">\n\t\t\t\t<div class=\"elementor-widget-container\">\n\t\t\t<span class=\"elementor-heading-title elementor-size-default\">GLENTON JKB<\/span>\t\t<\/div>\n\t\t\t\t<\/div>\n\t\t\t\t<\/div>\n\t\t\t\t\t<\/div>\n\t\t\t\t<\/div>\n\t\t<div class=\"elementor-element elementor-element-acd334c e-flex e-con-boxed e-con e-parent\" data-id=\"acd334c\" data-element_type=\"container\">\n\t\t\t\t\t<div class=\"e-con-inner\">\n\t\t<div class=\"elementor-element elementor-element-3917abf e-con-full e-flex e-con e-child\" data-id=\"3917abf\" data-element_type=\"container\">\n\t\t\t\t<div class=\"elementor-element elementor-element-77d673c elementor-widget elementor-widget-heading\" data-id=\"77d673c\" data-element_type=\"widget\" data-widget_type=\"heading.default\">\n\t\t\t\t<div class=\"elementor-widget-container\">\n\t\t\t<span class=\"elementor-heading-title elementor-size-default\">WEIGHT AND DIMENSIONS: <\/span>\t\t<\/div>\n\t\t\t\t<\/div>\n\t\t\t\t<div class=\"elementor-element elementor-element-15dc04b elementor-widget elementor-widget-text-editor\" data-id=\"15dc04b\" data-element_type=\"widget\" data-widget_type=\"text-editor.default\">\n\t\t\t\t<div class=\"elementor-widget-container\">\n\t\t\t\t\t\t\t<p>\u2022 Dimensions :<br \/>\u00a0 \u00a0 \u00a0o Height: 169 cm<br \/>\u00a0 \u00a0 \u00a0o Width: 215 cm<br \/>\u00a0 \u00a0 \u00a0o Depth: 104 cm<br \/>\u2022 Weight: approximately 350 kg<\/p>\t\t\t\t\t\t<\/div>\n\t\t\t\t<\/div>\n\t\t\t\t<\/div>\n\t\t<div class=\"elementor-element elementor-element-aae7879 e-con-full e-flex e-con e-child\" data-id=\"aae7879\" data-element_type=\"container\" data-settings=\"{&quot;background_background&quot;:&quot;classic&quot;}\">\n\t\t\t\t<\/div>\n\t\t\t\t\t<\/div>\n\t\t\t\t<\/div>\n\t\t\t\t<\/div>","protected":false},"excerpt":{"rendered":"<p>GLENTON 150 Glenton JKB r\u00e9invente le jukebox avec son mod\u00e8le d&rsquo;exception, le Glenton 150, et offre une exp\u00e9rience&hellip;<\/p>","protected":false},"author":1,"featured_media":0,"parent":0,"menu_order":0,"comment_status":"closed","ping_status":"closed","template":"elementor_header_footer","meta":{"footnotes":""},"class_list":["post-3638","page","type-page","status-publish","hentry"],"yoast_head":"<!-- This site is optimized with the Yoast SEO plugin v23.4 - https:\/\/yoast.com\/wordpress\/plugins\/seo\/ -->\n<title>Savoir Faire &#8226; Glenton JKB<\/title>\n<meta name=\"robots\" content=\"index, follow, max-snippet:-1, max-image-preview:large, max-video-preview:-1\" \/>\n<link rel=\"canonical\" href=\"https:\/\/glentonjkb.fr\/en\/savoir-faire\/\" \/>\n<meta property=\"og:locale\" content=\"en_US\" \/>\n<meta property=\"og:type\" content=\"article\" \/>\n<meta property=\"og:title\" content=\"Savoir Faire &#8226; Glenton JKB\" \/>\n<meta property=\"og:description\" content=\"GLENTON 150 Glenton JKB r\u00e9invente le jukebox avec son mod\u00e8le d&rsquo;exception, le Glenton 150, et offre une exp\u00e9rience&hellip;\" \/>\n<meta property=\"og:url\" content=\"https:\/\/glentonjkb.fr\/en\/savoir-faire\/\" \/>\n<meta property=\"og:site_name\" content=\"Glenton JKB\" \/>\n<meta property=\"article:modified_time\" content=\"2024-07-01T21:47:22+00:00\" \/>\n<meta name=\"twitter:card\" content=\"summary_large_image\" \/>\n<meta name=\"twitter:label1\" content=\"Est. reading time\" \/>\n\t<meta name=\"twitter:data1\" content=\"3 minutes\" \/>\n<script type=\"application\/ld+json\" class=\"yoast-schema-graph\">{\"@context\":\"https:\/\/schema.org\",\"@graph\":[{\"@type\":\"WebPage\",\"@id\":\"https:\/\/glentonjkb.fr\/savoir-faire\/\",\"url\":\"https:\/\/glentonjkb.fr\/savoir-faire\/\",\"name\":\"Savoir Faire &#8226; Glenton JKB\",\"isPartOf\":{\"@id\":\"https:\/\/glentonjkb.fr\/#website\"},\"datePublished\":\"2024-04-09T21:29:46+00:00\",\"dateModified\":\"2024-07-01T21:47:22+00:00\",\"breadcrumb\":{\"@id\":\"https:\/\/glentonjkb.fr\/savoir-faire\/#breadcrumb\"},\"inLanguage\":\"en-US\",\"potentialAction\":[{\"@type\":\"ReadAction\",\"target\":[\"https:\/\/glentonjkb.fr\/savoir-faire\/\"]}]},{\"@type\":\"BreadcrumbList\",\"@id\":\"https:\/\/glentonjkb.fr\/savoir-faire\/#breadcrumb\",\"itemListElement\":[{\"@type\":\"ListItem\",\"position\":1,\"name\":\"Accueil\",\"item\":\"https:\/\/glentonjkb.fr\/\"},{\"@type\":\"ListItem\",\"position\":2,\"name\":\"Savoir Faire\"}]},{\"@type\":\"WebSite\",\"@id\":\"https:\/\/glentonjkb.fr\/#website\",\"url\":\"https:\/\/glentonjkb.fr\/\",\"name\":\"Glenton JKB\",\"description\":\"Juxebox d&#039;exception pour int\u00e9rieur de prestige.\",\"publisher\":{\"@id\":\"https:\/\/glentonjkb.fr\/#organization\"},\"potentialAction\":[{\"@type\":\"SearchAction\",\"target\":{\"@type\":\"EntryPoint\",\"urlTemplate\":\"https:\/\/glentonjkb.fr\/?s={search_term_string}\"},\"query-input\":{\"@type\":\"PropertyValueSpecification\",\"valueRequired\":true,\"valueName\":\"search_term_string\"}}],\"inLanguage\":\"en-US\"},{\"@type\":\"Organization\",\"@id\":\"https:\/\/glentonjkb.fr\/#organization\",\"name\":\"Glenton JKB\",\"url\":\"https:\/\/glentonjkb.fr\/\",\"logo\":{\"@type\":\"ImageObject\",\"inLanguage\":\"en-US\",\"@id\":\"https:\/\/glentonjkb.fr\/#\/schema\/logo\/image\/\",\"url\":\"https:\/\/glentonjkb.com\/wp-content\/uploads\/2022\/03\/logo2.png\",\"contentUrl\":\"https:\/\/glentonjkb.com\/wp-content\/uploads\/2022\/03\/logo2.png\",\"width\":334,\"height\":335,\"caption\":\"Glenton JKB\"},\"image\":{\"@id\":\"https:\/\/glentonjkb.fr\/#\/schema\/logo\/image\/\"}}]}<\/script>\n<!-- \/ Yoast SEO plugin. -->","yoast_head_json":{"title":"Savoir Faire &#8226; Glenton JKB","robots":{"index":"index","follow":"follow","max-snippet":"max-snippet:-1","max-image-preview":"max-image-preview:large","max-video-preview":"max-video-preview:-1"},"canonical":"https:\/\/glentonjkb.fr\/en\/savoir-faire\/","og_locale":"en_US","og_type":"article","og_title":"Savoir Faire &#8226; Glenton JKB","og_description":"GLENTON 150 Glenton JKB r\u00e9invente le jukebox avec son mod\u00e8le d&rsquo;exception, le Glenton 150, et offre une exp\u00e9rience&hellip;","og_url":"https:\/\/glentonjkb.fr\/en\/savoir-faire\/","og_site_name":"Glenton JKB","article_modified_time":"2024-07-01T21:47:22+00:00","twitter_card":"summary_large_image","twitter_misc":{"Est. reading time":"3 minutes"},"schema":{"@context":"https:\/\/schema.org","@graph":[{"@type":"WebPage","@id":"https:\/\/glentonjkb.fr\/savoir-faire\/","url":"https:\/\/glentonjkb.fr\/savoir-faire\/","name":"Savoir Faire &#8226; Glenton JKB","isPartOf":{"@id":"https:\/\/glentonjkb.fr\/#website"},"datePublished":"2024-04-09T21:29:46+00:00","dateModified":"2024-07-01T21:47:22+00:00","breadcrumb":{"@id":"https:\/\/glentonjkb.fr\/savoir-faire\/#breadcrumb"},"inLanguage":"en-US","potentialAction":[{"@type":"ReadAction","target":["https:\/\/glentonjkb.fr\/savoir-faire\/"]}]},{"@type":"BreadcrumbList","@id":"https:\/\/glentonjkb.fr\/savoir-faire\/#breadcrumb","itemListElement":[{"@type":"ListItem","position":1,"name":"Accueil","item":"https:\/\/glentonjkb.fr\/"},{"@type":"ListItem","position":2,"name":"Savoir Faire"}]},{"@type":"WebSite","@id":"https:\/\/glentonjkb.fr\/#website","url":"https:\/\/glentonjkb.fr\/","name":"Glenton JKB","description":"Juxebox d&#039;exception pour int\u00e9rieur de prestige.","publisher":{"@id":"https:\/\/glentonjkb.fr\/#organization"},"potentialAction":[{"@type":"SearchAction","target":{"@type":"EntryPoint","urlTemplate":"https:\/\/glentonjkb.fr\/?s={search_term_string}"},"query-input":{"@type":"PropertyValueSpecification","valueRequired":true,"valueName":"search_term_string"}}],"inLanguage":"en-US"},{"@type":"Organization","@id":"https:\/\/glentonjkb.fr\/#organization","name":"Glenton JKB","url":"https:\/\/glentonjkb.fr\/","logo":{"@type":"ImageObject","inLanguage":"en-US","@id":"https:\/\/glentonjkb.fr\/#\/schema\/logo\/image\/","url":"https:\/\/glentonjkb.com\/wp-content\/uploads\/2022\/03\/logo2.png","contentUrl":"https:\/\/glentonjkb.com\/wp-content\/uploads\/2022\/03\/logo2.png","width":334,"height":335,"caption":"Glenton JKB"},"image":{"@id":"https:\/\/glentonjkb.fr\/#\/schema\/logo\/image\/"}}]}},"_links":{"self":[{"href":"https:\/\/glentonjkb.fr\/en\/wp-json\/wp\/v2\/pages\/3638","targetHints":{"allow":["GET"]}}],"collection":[{"href":"https:\/\/glentonjkb.fr\/en\/wp-json\/wp\/v2\/pages"}],"about":[{"href":"https:\/\/glentonjkb.fr\/en\/wp-json\/wp\/v2\/types\/page"}],"author":[{"embeddable":true,"href":"https:\/\/glentonjkb.fr\/en\/wp-json\/wp\/v2\/users\/1"}],"replies":[{"embeddable":true,"href":"https:\/\/glentonjkb.fr\/en\/wp-json\/wp\/v2\/comments?post=3638"}],"version-history":[{"count":65,"href":"https:\/\/glentonjkb.fr\/en\/wp-json\/wp\/v2\/pages\/3638\/revisions"}],"predecessor-version":[{"id":3964,"href":"https:\/\/glentonjkb.fr\/en\/wp-json\/wp\/v2\/pages\/3638\/revisions\/3964"}],"wp:attachment":[{"href":"https:\/\/glentonjkb.fr\/en\/wp-json\/wp\/v2\/media?parent=3638"}],"curies":[{"name":"wp","href":"https:\/\/api.w.org\/{rel}","templated":true}]}}