{"id":3,"date":"2023-02-14T03:48:04","date_gmt":"2023-02-14T03:48:04","guid":{"rendered":"https:\/\/glentonjkb.fr\/?page_id=3"},"modified":"2024-11-29T11:45:34","modified_gmt":"2024-11-29T10:45:34","slug":"privacy-policy","status":"publish","type":"page","link":"https:\/\/glentonjkb.fr\/en\/privacy-policy\/","title":{"rendered":"Politique de confidentialit\u00e9"},"content":{"rendered":"<div data-elementor-type=\"wp-page\" data-elementor-id=\"3\" class=\"elementor elementor-3\" data-elementor-post-type=\"page\">\n\t\t\t\t<div class=\"elementor-element elementor-element-303781cb e-flex e-con-boxed e-con e-parent\" data-id=\"303781cb\" data-element_type=\"container\">\n\t\t\t\t\t<div class=\"e-con-inner\">\n\t\t\t\t<div class=\"elementor-element elementor-element-5942131a elementor-widget elementor-widget-text-editor\" data-id=\"5942131a\" data-element_type=\"widget\" data-widget_type=\"text-editor.default\">\n\t\t\t\t<div class=\"elementor-widget-container\">\n\t\t\t<style>\/*! elementor - v3.23.0 - 05-08-2024 *\/\n.elementor-widget-text-editor.elementor-drop-cap-view-stacked .elementor-drop-cap{background-color:#69727d;color:#fff}.elementor-widget-text-editor.elementor-drop-cap-view-framed .elementor-drop-cap{color:#69727d;border:3px solid;background-color:transparent}.elementor-widget-text-editor:not(.elementor-drop-cap-view-default) .elementor-drop-cap{margin-top:8px}.elementor-widget-text-editor:not(.elementor-drop-cap-view-default) .elementor-drop-cap-letter{width:1em;height:1em}.elementor-widget-text-editor .elementor-drop-cap{float:left;text-align:center;line-height:1;font-size:50px}.elementor-widget-text-editor .elementor-drop-cap-letter{display:inline-block}<\/style>\t\t\t\t<!-- wp:heading -->\n<p><strong>Application mobile \u2013 R\u00c8GLES DE CONFIDENTIALIT\u00c9<\/strong><\/p>\n<p><strong>L\u2019application Glenton 150\u00a0<\/strong>\u00a0est \u00e9dit\u00e9e par Glenton JKB,\u00a0Soci\u00e9t\u00e9 par Actions Simplifi\u00e9e au capital de 50 000 \u20ac \u2013\u00a0N\u00b0 d\u2019immatriculation\u00a0: 952867570 \u2013 domicili\u00e9 \u00e0 La Rouh\u00e8re, 63480 Marat.<br \/>Le terme\u00a0<strong>Application\u00a0<\/strong>s\u2019applique \u00e0 l\u2019application pour mobile ou tablette Android et IOS nomm\u00e9e \u00ab Glenton 150\u00bb.<br \/>Le terme\u00a0<strong>Jukebox Glenton 150\u00a0<\/strong>s\u2019applique au jukebox avec lequel communique l\u2019Application.<br \/>Nos r\u00e8gles de confidentialit\u00e9 expliquent quelles donn\u00e9es nous collectons depuis l\u2019Application et les raisons de cette collecte, comment nous utilisons \/ traitons ces informations et \u00e0 quels tiers nous pourrions \u00e9ventuellement les divulguer.<\/p>\n<p><strong>DONN\u00c9ES PERSONNELLES<\/strong><\/p>\n<p>Depuis notre Application, nous ne collectons aucune donn\u00e9e personnelle (par exemple: les noms, les adresses, les num\u00e9ros de t\u00e9l\u00e9phone, les adresses de courrier \u00e9lectronique ou les adresses IP compl\u00e8tes).<\/p>\n<p><strong>DONN\u00c9ES RELATIVES \u00c0 LA COMMUNICATION<\/strong><\/p>\n<p>Lorsque vous utilisez notre Application avec une connection wifi pour communiquer avec un jukebox Glenton 150, des donn\u00e9es relatives \u00e0 la communication (par exemple, l\u2019adresse IP) sont automatiquement g\u00e9n\u00e9r\u00e9es. Le jukebox Glenton 150 ne conserve pas ces donn\u00e9es, elles sont utilis\u00e9es uniquement pour \u00e9tablir une communication entre l\u2019Application et un\u00a0<strong>Jukebox Glenton 150<\/strong>.<\/p>\n<p><strong>PERMISSIONS DEMAND\u00c9ES PAR L\u2019APPLICATION<\/strong><\/p>\n<p><strong>Utilisation de la cam\u00e9ra<\/strong><\/p>\n<p>Nous utilisons uniquement l\u2019appareil photo pour g\u00e9n\u00e9rer des pochettes d\u2019albums utilis\u00e9es par le jukebox Glenton 150 et par l\u2019application. Les photos prises via l\u2019application sont transmises au Jukebox Glenton 150 qui pourra les retransmettre \u00e0 d\u2019autres appareils utilisant l\u2019application. Les photos prises ne seront utilis\u00e9s que par le logiciel d\u2019exploitation du Jukebox Glenton 150 et aux appareils qui s\u2019y connecteront via l\u2019application.<\/p>\n<p><strong>DONN\u00c9ES PERSONNELLES NON COLLECT\u00c9ES AUTOMATIQUEMENT<\/strong><\/p>\n<p>Nous ne collectons\u00a0<strong>aucune information personnelle identifiable\u00a0<\/strong>. Nous ne vendons pas, n\u2019\u00e9changeons ni transf\u00e9rons ces informations \u00e0 des tiers.<\/p>\n<p>\u00a0<\/p>\n<p><strong>NOUS CONTACTER<\/strong><\/p>\n<p>Si vous avez des questions concernant la confidentialit\u00e9 lors de l\u2019utilisation de l\u2019Application, ou avez des questions sur nos pratiques, veuillez nous contacter par email \u00e0\u00a0<u>contact@glentonjkb.fr<\/u>.<\/p>\n<p>\u00a0<\/p>\n<p>\u00a0<\/p>\n<p><strong>PRIVACY POLICY<\/strong><\/p>\n<p><strong>L\u2019application Glenton 150\u00a0<\/strong>is developed by Glenton JKB,\u00a0Soci\u00e9t\u00e9 par Actions Simplifi\u00e9e au capital de 50 000 \u20ac \u2013\u00a0N\u00b0 immatriculation\u00a0: 952867570 \u2013 settled at La Rouh\u00e8re, 63480 Marat.<br \/>The term\u00a0<strong><em>Application\u00a0<\/em><\/strong>means the application for mobile or tablet, Android and IOS called Glenton 150.<br \/>The term\u00a0<strong>Jukebox Glenton 150\u00a0<\/strong>means the Jukebox with which the Application is communicating.<br \/>Our Privacy Policy explains what data we collect from the Application and why we collect it, how we use \/ process this information and to whom we may disclose it.<\/p>\n<p><strong>PERSONAL DATA<\/strong><\/p>\n<p>From our Application, we do not collect any personal data (for example, names, addresses, phone numbers, e-mail addresses or complete IP addresses).<\/p>\n<p><strong>COMMUNICATION DATA<\/strong><\/p>\n<p>When you use our Application with a wifi connexion to communicate with a jukebox Glenton 150, communication data (for example, the IP address) is automatically generated. The\u00a0jukebox Glenton 150 does not retain this data, it is used only to establish communication between the Application and a jukebox Glenton 150.<\/p>\n<p><strong>PERMISSIONS REQUIRED BY THE APPLICATION<\/strong><\/p>\n<p><strong>Using the Camera<\/strong><\/p>\n<p>We only use the camera to generate album covers used by the jukebox Glenton 150 and the application . The photos taken with the application are sent to the jukebox Glenton 150 which will transmit them again to other devices using the application. These photos will be used only by the Jukebox Glenton 150 software and by the devices connected with the application.<\/p>\n<p><strong>PERSONAL DATA NOT COLLECTED AUTOMATICALLY<\/strong><\/p>\n<p>We do\u00a0<strong>not collect any personally identifiable information<\/strong>. We do not sell, trade or transfer this information to third parties.<\/p>\n<p>\u00a0<\/p>\n<p><strong>CONTACT US<\/strong><\/p>\n<p>If you have any questions regarding privacy while using the Application, or have questions about our practices, please contact us via email at\u00a0\u00a0<u>contact@glentonjkb.fr<\/u>.<\/p>\n<p>\u00a0<\/p>\n<p>service.<\/p>\n<!-- \/wp:paragraph -->\t\t\t\t\t\t<\/div>\n\t\t\t\t<\/div>\n\t\t\t\t\t<\/div>\n\t\t\t\t<\/div>\n\t\t\t\t<\/div>","protected":false},"excerpt":{"rendered":"<p>Application mobile \u2013 R\u00c8GLES DE CONFIDENTIALIT\u00c9 L\u2019application Glenton 150\u00a0\u00a0est \u00e9dit\u00e9e par Glenton JKB,\u00a0Soci\u00e9t\u00e9 par Actions Simplifi\u00e9e au capital&hellip;<\/p>","protected":false},"author":1,"featured_media":0,"parent":0,"menu_order":0,"comment_status":"closed","ping_status":"closed","template":"","meta":{"footnotes":""},"class_list":["post-3","page","type-page","status-publish","hentry"],"yoast_head":"<!-- This site is optimized with the Yoast SEO plugin v23.4 - https:\/\/yoast.com\/wordpress\/plugins\/seo\/ -->\n<title>Politique de confidentialit\u00e9 &#8226; Glenton JKB<\/title>\n<meta name=\"robots\" content=\"index, follow, max-snippet:-1, max-image-preview:large, max-video-preview:-1\" \/>\n<link rel=\"canonical\" href=\"https:\/\/glentonjkb.fr\/en\/privacy-policy\/\" \/>\n<meta property=\"og:locale\" content=\"en_US\" \/>\n<meta property=\"og:type\" content=\"article\" \/>\n<meta property=\"og:title\" content=\"Politique de confidentialit\u00e9 &#8226; Glenton JKB\" \/>\n<meta property=\"og:description\" content=\"Application mobile \u2013 R\u00c8GLES DE CONFIDENTIALIT\u00c9 L\u2019application Glenton 150\u00a0\u00a0est \u00e9dit\u00e9e par Glenton JKB,\u00a0Soci\u00e9t\u00e9 par Actions Simplifi\u00e9e au capital&hellip;\" \/>\n<meta property=\"og:url\" content=\"https:\/\/glentonjkb.fr\/en\/privacy-policy\/\" \/>\n<meta property=\"og:site_name\" content=\"Glenton JKB\" \/>\n<meta property=\"article:modified_time\" content=\"2024-11-29T10:45:34+00:00\" \/>\n<meta name=\"twitter:card\" content=\"summary_large_image\" \/>\n<meta name=\"twitter:label1\" content=\"Est. reading time\" \/>\n\t<meta name=\"twitter:data1\" content=\"4 minutes\" \/>\n<script type=\"application\/ld+json\" class=\"yoast-schema-graph\">{\"@context\":\"https:\/\/schema.org\",\"@graph\":[{\"@type\":\"WebPage\",\"@id\":\"https:\/\/glentonjkb.fr\/privacy-policy\/\",\"url\":\"https:\/\/glentonjkb.fr\/privacy-policy\/\",\"name\":\"Politique de confidentialit\u00e9 &#8226; Glenton JKB\",\"isPartOf\":{\"@id\":\"https:\/\/glentonjkb.fr\/#website\"},\"datePublished\":\"2023-02-14T03:48:04+00:00\",\"dateModified\":\"2024-11-29T10:45:34+00:00\",\"breadcrumb\":{\"@id\":\"https:\/\/glentonjkb.fr\/privacy-policy\/#breadcrumb\"},\"inLanguage\":\"en-US\",\"potentialAction\":[{\"@type\":\"ReadAction\",\"target\":[\"https:\/\/glentonjkb.fr\/privacy-policy\/\"]}]},{\"@type\":\"BreadcrumbList\",\"@id\":\"https:\/\/glentonjkb.fr\/privacy-policy\/#breadcrumb\",\"itemListElement\":[{\"@type\":\"ListItem\",\"position\":1,\"name\":\"Accueil\",\"item\":\"https:\/\/glentonjkb.fr\/\"},{\"@type\":\"ListItem\",\"position\":2,\"name\":\"Politique de confidentialit\u00e9\"}]},{\"@type\":\"WebSite\",\"@id\":\"https:\/\/glentonjkb.fr\/#website\",\"url\":\"https:\/\/glentonjkb.fr\/\",\"name\":\"Glenton JKB\",\"description\":\"Juxebox d&#039;exception pour int\u00e9rieur de prestige.\",\"publisher\":{\"@id\":\"https:\/\/glentonjkb.fr\/#organization\"},\"potentialAction\":[{\"@type\":\"SearchAction\",\"target\":{\"@type\":\"EntryPoint\",\"urlTemplate\":\"https:\/\/glentonjkb.fr\/?s={search_term_string}\"},\"query-input\":{\"@type\":\"PropertyValueSpecification\",\"valueRequired\":true,\"valueName\":\"search_term_string\"}}],\"inLanguage\":\"en-US\"},{\"@type\":\"Organization\",\"@id\":\"https:\/\/glentonjkb.fr\/#organization\",\"name\":\"Glenton JKB\",\"url\":\"https:\/\/glentonjkb.fr\/\",\"logo\":{\"@type\":\"ImageObject\",\"inLanguage\":\"en-US\",\"@id\":\"https:\/\/glentonjkb.fr\/#\/schema\/logo\/image\/\",\"url\":\"https:\/\/glentonjkb.com\/wp-content\/uploads\/2022\/03\/logo2.png\",\"contentUrl\":\"https:\/\/glentonjkb.com\/wp-content\/uploads\/2022\/03\/logo2.png\",\"width\":334,\"height\":335,\"caption\":\"Glenton JKB\"},\"image\":{\"@id\":\"https:\/\/glentonjkb.fr\/#\/schema\/logo\/image\/\"}}]}<\/script>\n<!-- \/ Yoast SEO plugin. -->","yoast_head_json":{"title":"Politique de confidentialit\u00e9 &#8226; Glenton JKB","robots":{"index":"index","follow":"follow","max-snippet":"max-snippet:-1","max-image-preview":"max-image-preview:large","max-video-preview":"max-video-preview:-1"},"canonical":"https:\/\/glentonjkb.fr\/en\/privacy-policy\/","og_locale":"en_US","og_type":"article","og_title":"Politique de confidentialit\u00e9 &#8226; Glenton JKB","og_description":"Application mobile \u2013 R\u00c8GLES DE CONFIDENTIALIT\u00c9 L\u2019application Glenton 150\u00a0\u00a0est \u00e9dit\u00e9e par Glenton JKB,\u00a0Soci\u00e9t\u00e9 par Actions Simplifi\u00e9e au capital&hellip;","og_url":"https:\/\/glentonjkb.fr\/en\/privacy-policy\/","og_site_name":"Glenton JKB","article_modified_time":"2024-11-29T10:45:34+00:00","twitter_card":"summary_large_image","twitter_misc":{"Est. reading time":"4 minutes"},"schema":{"@context":"https:\/\/schema.org","@graph":[{"@type":"WebPage","@id":"https:\/\/glentonjkb.fr\/privacy-policy\/","url":"https:\/\/glentonjkb.fr\/privacy-policy\/","name":"Politique de confidentialit\u00e9 &#8226; Glenton JKB","isPartOf":{"@id":"https:\/\/glentonjkb.fr\/#website"},"datePublished":"2023-02-14T03:48:04+00:00","dateModified":"2024-11-29T10:45:34+00:00","breadcrumb":{"@id":"https:\/\/glentonjkb.fr\/privacy-policy\/#breadcrumb"},"inLanguage":"en-US","potentialAction":[{"@type":"ReadAction","target":["https:\/\/glentonjkb.fr\/privacy-policy\/"]}]},{"@type":"BreadcrumbList","@id":"https:\/\/glentonjkb.fr\/privacy-policy\/#breadcrumb","itemListElement":[{"@type":"ListItem","position":1,"name":"Accueil","item":"https:\/\/glentonjkb.fr\/"},{"@type":"ListItem","position":2,"name":"Politique de confidentialit\u00e9"}]},{"@type":"WebSite","@id":"https:\/\/glentonjkb.fr\/#website","url":"https:\/\/glentonjkb.fr\/","name":"Glenton JKB","description":"Juxebox d&#039;exception pour int\u00e9rieur de prestige.","publisher":{"@id":"https:\/\/glentonjkb.fr\/#organization"},"potentialAction":[{"@type":"SearchAction","target":{"@type":"EntryPoint","urlTemplate":"https:\/\/glentonjkb.fr\/?s={search_term_string}"},"query-input":{"@type":"PropertyValueSpecification","valueRequired":true,"valueName":"search_term_string"}}],"inLanguage":"en-US"},{"@type":"Organization","@id":"https:\/\/glentonjkb.fr\/#organization","name":"Glenton JKB","url":"https:\/\/glentonjkb.fr\/","logo":{"@type":"ImageObject","inLanguage":"en-US","@id":"https:\/\/glentonjkb.fr\/#\/schema\/logo\/image\/","url":"https:\/\/glentonjkb.com\/wp-content\/uploads\/2022\/03\/logo2.png","contentUrl":"https:\/\/glentonjkb.com\/wp-content\/uploads\/2022\/03\/logo2.png","width":334,"height":335,"caption":"Glenton JKB"},"image":{"@id":"https:\/\/glentonjkb.fr\/#\/schema\/logo\/image\/"}}]}},"_links":{"self":[{"href":"https:\/\/glentonjkb.fr\/en\/wp-json\/wp\/v2\/pages\/3","targetHints":{"allow":["GET"]}}],"collection":[{"href":"https:\/\/glentonjkb.fr\/en\/wp-json\/wp\/v2\/pages"}],"about":[{"href":"https:\/\/glentonjkb.fr\/en\/wp-json\/wp\/v2\/types\/page"}],"author":[{"embeddable":true,"href":"https:\/\/glentonjkb.fr\/en\/wp-json\/wp\/v2\/users\/1"}],"replies":[{"embeddable":true,"href":"https:\/\/glentonjkb.fr\/en\/wp-json\/wp\/v2\/comments?post=3"}],"version-history":[{"count":4,"href":"https:\/\/glentonjkb.fr\/en\/wp-json\/wp\/v2\/pages\/3\/revisions"}],"predecessor-version":[{"id":4002,"href":"https:\/\/glentonjkb.fr\/en\/wp-json\/wp\/v2\/pages\/3\/revisions\/4002"}],"wp:attachment":[{"href":"https:\/\/glentonjkb.fr\/en\/wp-json\/wp\/v2\/media?parent=3"}],"curies":[{"name":"wp","href":"https:\/\/api.w.org\/{rel}","templated":true}]}}