{"id":2932,"date":"2023-04-20T13:30:18","date_gmt":"2023-04-20T13:30:18","guid":{"rendered":"https:\/\/glentonjkb.fr\/?page_id=277"},"modified":"2025-01-13T13:11:15","modified_gmt":"2025-01-13T12:11:15","slug":"press","status":"publish","type":"page","link":"https:\/\/glentonjkb.fr\/en\/press\/","title":{"rendered":"Press"},"content":{"rendered":"<div data-elementor-type=\"wp-page\" data-elementor-id=\"2932\" class=\"elementor elementor-2932\" data-elementor-post-type=\"page\">\n\t\t\t\t<div class=\"elementor-element elementor-element-d03bc73 e-flex e-con-boxed e-con e-parent\" data-id=\"d03bc73\" data-element_type=\"container\">\n\t\t\t\t\t<div class=\"e-con-inner\">\n\t\t\t\t<div class=\"elementor-element elementor-element-2f2dbf2 elementor-cta--layout-image-above elementor-cta--skin-classic elementor-animated-content elementor-bg-transform elementor-bg-transform-zoom-in elementor-widget elementor-widget-call-to-action\" data-id=\"2f2dbf2\" data-element_type=\"widget\" data-widget_type=\"call-to-action.default\">\n\t\t\t\t<div class=\"elementor-widget-container\">\n\t\t\t<link rel=\"stylesheet\" href=\"https:\/\/glentonjkb.fr\/wp-content\/uploads\/elementor\/css\/custom-pro-widget-call-to-action.min.css?ver=1767721609\">\t\t<div class=\"elementor-cta\">\n\t\t\t\t\t<div class=\"elementor-cta__bg-wrapper\">\n\t\t\t\t<div class=\"elementor-cta__bg elementor-bg\" style=\"background-image: url(https:\/\/glentonjkb.fr\/wp-content\/uploads\/2025\/01\/Cover-5-960x679.png);\" role=\"img\" aria-label=\"Jukebox d&#039;exception Glenton JKB Glenton 150\"><\/div>\n\t\t\t\t<div class=\"elementor-cta__bg-overlay\"><\/div>\n\t\t\t<\/div>\n\t\t\t\t\t\t\t<div class=\"elementor-cta__content\">\n\t\t\t\t\n\t\t\t\t\t\t\t\t\t<h2 class=\"elementor-cta__title elementor-cta__content-item elementor-content-item\">\n\t\t\t\t\t\tT\u00e9l\u00e9charger notre kit presse\t\t\t\t\t<\/h2>\n\t\t\t\t\n\t\t\t\t\n\t\t\t\t\t\t\t\t\t<div class=\"elementor-cta__button-wrapper elementor-cta__content-item elementor-content-item\">\n\t\t\t\t\t<a class=\"elementor-cta__button elementor-button elementor-size-\" href=\"https:\/\/glentonjkb.fr\/wp-content\/uploads\/2025\/01\/Kit_Presse_Online_Glenton-JKB-1.pdf\" target=\"_blank\">\n\t\t\t\t\t\tCliquer ici\t\t\t\t\t<\/a>\n\t\t\t\t\t<\/div>\n\t\t\t\t\t\t\t<\/div>\n\t\t\t\t\t\t<\/div>\n\t\t\t\t<\/div>\n\t\t\t\t<\/div>\n\t\t\t\t\t<\/div>\n\t\t\t\t<\/div>\n\t\t<div class=\"elementor-element elementor-element-ab792e2 e-flex e-con-boxed e-con e-parent\" data-id=\"ab792e2\" data-element_type=\"container\">\n\t\t\t\t\t<div class=\"e-con-inner\">\n\t\t\t\t<div class=\"elementor-element elementor-element-7051cc6 elementor-widget elementor-widget-ideapark-brand-list\" data-id=\"7051cc6\" data-element_type=\"widget\" data-widget_type=\"ideapark-brand-list.default\">\n\t\t\t\t<div class=\"elementor-widget-container\">\n\t\t\t\t\t\t\t<div class=\"c-ip-brand-list c-ip-brand-list--logos\">\n\t\t\t\t\t<ul class=\"c-ip-brand-list__list c-ip-brand-list__list--logos\">\n\t\t\t\t\t\t\t\t\t\t\t\t\t\t\t\t\t\t\t\t\t\t\t\t\t<li class=\"c-ip-brand-list__item c-ip-brand-list__item--logos\">\n\t\t\t\t\t\t\t\t<a class=\"c-ip-brand-list__link c-ip-brand-list__link--logos\"\n\t\t\t\t\t\t\t\t   href=\"https:\/\/glentonjkb.fr\/en\/brand\/bpi-france\/\">\n\t\t\t\t\t\t\t\t\t\t\t\t\t\t\t\t\t\t\t<div class=\"c-ip-brand-list__thumb\">\n\t\t\t\t\t\t\t\t\t\t\t<img loading=\"lazy\" decoding=\"async\" class=\"c-ip-brand-list__image\" width=\"1431\" height=\"1332\" src=\"https:\/\/glentonjkb.fr\/wp-content\/uploads\/2024\/04\/Logo-BPI-France.png\" srcset=\"https:\/\/glentonjkb.fr\/wp-content\/uploads\/2024\/04\/Logo-BPI-France.png 1431w, https:\/\/glentonjkb.fr\/wp-content\/uploads\/2024\/04\/Logo-BPI-France-300x279.png 300w, https:\/\/glentonjkb.fr\/wp-content\/uploads\/2024\/04\/Logo-BPI-France-960x894.png 960w, https:\/\/glentonjkb.fr\/wp-content\/uploads\/2024\/04\/Logo-BPI-France-600x558.png 600w, https:\/\/glentonjkb.fr\/wp-content\/uploads\/2024\/04\/Logo-BPI-France-145x135.png 145w\" sizes=\"auto, (max-width: 1431px) 100vw, 1431px\" alt=\"BPI France\"\/>\t\t\t\t\t\t\t\t\t\t<\/div>\n\t\t\t\t\t\t\t\t\t\t\t\t\t\t\t\t\t\t<div\n\t\t\t\t\t\t\t\t\t\tclass=\"c-ip-brand-list__title c-ip-brand-list__title--logos\">\n\t\t\t\t\t\t\t\t\t\tBPI France\t\t\t\t\t\t\t\t\t<\/div>\n\t\t\t\t\t\t\t\t<\/a>\n\t\t\t\t\t\t\t<\/li>\n\t\t\t\t\t\t\t\t\t\t\t\t\t\t\t\t\t\t\t\t\t\t\t\t\t\t\t<li class=\"c-ip-brand-list__item c-ip-brand-list__item--logos\">\n\t\t\t\t\t\t\t\t<a class=\"c-ip-brand-list__link c-ip-brand-list__link--logos\"\n\t\t\t\t\t\t\t\t   href=\"https:\/\/glentonjkb.fr\/en\/brand\/busi\/\">\n\t\t\t\t\t\t\t\t\t\t\t\t\t\t\t\t\t\t\t<div class=\"c-ip-brand-list__thumb\">\n\t\t\t\t\t\t\t\t\t\t\t<img loading=\"lazy\" decoding=\"async\" class=\"c-ip-brand-list__image\" width=\"440\" height=\"440\" src=\"https:\/\/glentonjkb.fr\/wp-content\/uploads\/2024\/04\/logo_site_busi-e1712687237402.png\" srcset=\"https:\/\/glentonjkb.fr\/wp-content\/uploads\/2024\/04\/logo_site_busi-e1712687237402.png 440w, https:\/\/glentonjkb.fr\/wp-content\/uploads\/2024\/04\/logo_site_busi-e1712687237402-300x300.png 300w, https:\/\/glentonjkb.fr\/wp-content\/uploads\/2024\/04\/logo_site_busi-e1712687237402-100x100.png 100w, https:\/\/glentonjkb.fr\/wp-content\/uploads\/2024\/04\/logo_site_busi-e1712687237402-200x200.png 200w, https:\/\/glentonjkb.fr\/wp-content\/uploads\/2024\/04\/logo_site_busi-e1712687237402-145x145.png 145w\" sizes=\"auto, (max-width: 440px) 100vw, 440px\" alt=\"logo_site_busi\"\/>\t\t\t\t\t\t\t\t\t\t<\/div>\n\t\t\t\t\t\t\t\t\t\t\t\t\t\t\t\t\t\t<div\n\t\t\t\t\t\t\t\t\t\tclass=\"c-ip-brand-list__title c-ip-brand-list__title--logos\">\n\t\t\t\t\t\t\t\t\t\tBusi\t\t\t\t\t\t\t\t\t<\/div>\n\t\t\t\t\t\t\t\t<\/a>\n\t\t\t\t\t\t\t<\/li>\n\t\t\t\t\t\t\t\t\t\t\t\t\t\t\t\t\t\t\t\t\t\t\t\t\t\t\t<li class=\"c-ip-brand-list__item c-ip-brand-list__item--logos\">\n\t\t\t\t\t\t\t\t<a class=\"c-ip-brand-list__link c-ip-brand-list__link--logos\"\n\t\t\t\t\t\t\t\t   href=\"https:\/\/glentonjkb.fr\/en\/brand\/la-french-tech\/\">\n\t\t\t\t\t\t\t\t\t\t\t\t\t\t\t\t\t\t\t<div class=\"c-ip-brand-list__thumb\">\n\t\t\t\t\t\t\t\t\t\t\t<img loading=\"lazy\" decoding=\"async\" class=\"c-ip-brand-list__image\" width=\"797\" height=\"702\" src=\"https:\/\/glentonjkb.fr\/wp-content\/uploads\/2024\/04\/ft_logo-05.webp\" srcset=\"https:\/\/glentonjkb.fr\/wp-content\/uploads\/2024\/04\/ft_logo-05.webp 797w, https:\/\/glentonjkb.fr\/wp-content\/uploads\/2024\/04\/ft_logo-05-300x264.webp 300w, https:\/\/glentonjkb.fr\/wp-content\/uploads\/2024\/04\/ft_logo-05-600x528.webp 600w, https:\/\/glentonjkb.fr\/wp-content\/uploads\/2024\/04\/ft_logo-05-145x128.webp 145w\" sizes=\"auto, (max-width: 797px) 100vw, 797px\" alt=\"La French Tech Glenton\"\/>\t\t\t\t\t\t\t\t\t\t<\/div>\n\t\t\t\t\t\t\t\t\t\t\t\t\t\t\t\t\t\t<div\n\t\t\t\t\t\t\t\t\t\tclass=\"c-ip-brand-list__title c-ip-brand-list__title--logos\">\n\t\t\t\t\t\t\t\t\t\tLa French Tech\t\t\t\t\t\t\t\t\t<\/div>\n\t\t\t\t\t\t\t\t<\/a>\n\t\t\t\t\t\t\t<\/li>\n\t\t\t\t\t\t\t\t\t\t\t\t\t\t\t\t\t\t\t\t\t\t\t\t\t\t\t<li class=\"c-ip-brand-list__item c-ip-brand-list__item--logos\">\n\t\t\t\t\t\t\t\t<a class=\"c-ip-brand-list__link c-ip-brand-list__link--logos\"\n\t\t\t\t\t\t\t\t   href=\"https:\/\/glentonjkb.fr\/en\/brand\/la-region-auvergne-rhones-alpes\/\">\n\t\t\t\t\t\t\t\t\t\t\t\t\t\t\t\t\t\t\t<div class=\"c-ip-brand-list__thumb\">\n\t\t\t\t\t\t\t\t\t\t\t<img loading=\"lazy\" decoding=\"async\" class=\"c-ip-brand-list__image\" width=\"180\" height=\"150\" src=\"https:\/\/glentonjkb.fr\/wp-content\/uploads\/2024\/04\/62cd44659100007ba687f564.webp\" srcset=\"https:\/\/glentonjkb.fr\/wp-content\/uploads\/2024\/04\/62cd44659100007ba687f564.webp 180w, https:\/\/glentonjkb.fr\/wp-content\/uploads\/2024\/04\/62cd44659100007ba687f564-145x121.webp 145w\" sizes=\"auto, (max-width: 180px) 100vw, 180px\" alt=\"La R\u00e9gion Auvergne\"\/>\t\t\t\t\t\t\t\t\t\t<\/div>\n\t\t\t\t\t\t\t\t\t\t\t\t\t\t\t\t\t\t<div\n\t\t\t\t\t\t\t\t\t\tclass=\"c-ip-brand-list__title c-ip-brand-list__title--logos\">\n\t\t\t\t\t\t\t\t\t\tLa R\u00e9gion\t\t\t\t\t\t\t\t\t<\/div>\n\t\t\t\t\t\t\t\t<\/a>\n\t\t\t\t\t\t\t<\/li>\n\t\t\t\t\t\t\t\t\t\t\t\t\t\t\t\t\t\t\t\t\t\t\t\t\t\t<\/ul>\n\t\t\t\t<\/div>\n\t\t\t\t\t<\/div>\n\t\t\t\t<\/div>\n\t\t\t\t\t<\/div>\n\t\t\t\t<\/div>\n\t\t<div class=\"elementor-element elementor-element-a29914d e-flex e-con-boxed e-con e-parent\" data-id=\"a29914d\" data-element_type=\"container\">\n\t\t\t\t\t<div class=\"e-con-inner\">\n\t\t\t\t\t<\/div>\n\t\t\t\t<\/div>\n\t\t<div class=\"elementor-element elementor-element-0288747 e-flex e-con-boxed e-con e-parent\" data-id=\"0288747\" data-element_type=\"container\">\n\t\t\t\t\t<div class=\"e-con-inner\">\n\t\t\t\t<div class=\"elementor-element elementor-element-8fa9001 elementor-widget elementor-widget-text-editor\" data-id=\"8fa9001\" data-element_type=\"widget\" data-widget_type=\"text-editor.default\">\n\t\t\t\t<div class=\"elementor-widget-container\">\n\t\t\t<style>\/*! elementor - v3.23.0 - 05-08-2024 *\/\n.elementor-widget-text-editor.elementor-drop-cap-view-stacked .elementor-drop-cap{background-color:#69727d;color:#fff}.elementor-widget-text-editor.elementor-drop-cap-view-framed .elementor-drop-cap{color:#69727d;border:3px solid;background-color:transparent}.elementor-widget-text-editor:not(.elementor-drop-cap-view-default) .elementor-drop-cap{margin-top:8px}.elementor-widget-text-editor:not(.elementor-drop-cap-view-default) .elementor-drop-cap-letter{width:1em;height:1em}.elementor-widget-text-editor .elementor-drop-cap{float:left;text-align:center;line-height:1;font-size:50px}.elementor-widget-text-editor .elementor-drop-cap-letter{display:inline-block}<\/style>\t\t\t\t<p>Lorem ipsum dolor sit amet, consectetur adipiscing elit. Ut elit tellus, luctus nec ullamcorper mattis, pulvinar dapibus leo.<\/p>\t\t\t\t\t\t<\/div>\n\t\t\t\t<\/div>\n\t\t\t\t\t<\/div>\n\t\t\t\t<\/div>\n\t\t\t\t<\/div>","protected":false},"excerpt":{"rendered":"<p>T\u00e9l\u00e9charger notre kit presse Cliquer ici BPI France Busi La French Tech La R\u00e9gion Lorem ipsum dolor sit&hellip;<\/p>","protected":false},"author":1,"featured_media":0,"parent":0,"menu_order":0,"comment_status":"closed","ping_status":"closed","template":"elementor_header_footer","meta":{"footnotes":""},"class_list":["post-2932","page","type-page","status-publish","hentry"],"yoast_head":"<!-- This site is optimized with the Yoast SEO plugin v23.4 - https:\/\/yoast.com\/wordpress\/plugins\/seo\/ -->\n<title>Presse &#8226; Glenton JKB<\/title>\n<meta name=\"robots\" content=\"index, follow, max-snippet:-1, max-image-preview:large, max-video-preview:-1\" \/>\n<link rel=\"canonical\" href=\"https:\/\/glentonjkb.fr\/en\/press\/\" \/>\n<meta property=\"og:locale\" content=\"en_US\" \/>\n<meta property=\"og:type\" content=\"article\" \/>\n<meta property=\"og:title\" content=\"Presse &#8226; Glenton JKB\" \/>\n<meta property=\"og:description\" content=\"T\u00e9l\u00e9charger notre kit presse Cliquer ici BPI France Busi La French Tech La R\u00e9gion Lorem ipsum dolor sit&hellip;\" \/>\n<meta property=\"og:url\" content=\"https:\/\/glentonjkb.fr\/en\/press\/\" \/>\n<meta property=\"og:site_name\" content=\"Glenton JKB\" \/>\n<meta property=\"article:modified_time\" content=\"2025-01-13T12:11:15+00:00\" \/>\n<meta property=\"og:image\" content=\"https:\/\/glentonjkb.fr\/wp-content\/uploads\/2024\/04\/Logo-BPI-France.png\" \/>\n<meta name=\"twitter:card\" content=\"summary_large_image\" \/>\n<meta name=\"twitter:label1\" content=\"Est. reading time\" \/>\n\t<meta name=\"twitter:data1\" content=\"1 minute\" \/>\n<script type=\"application\/ld+json\" class=\"yoast-schema-graph\">{\"@context\":\"https:\/\/schema.org\",\"@graph\":[{\"@type\":\"WebPage\",\"@id\":\"https:\/\/glentonjkb.fr\/press\/\",\"url\":\"https:\/\/glentonjkb.fr\/press\/\",\"name\":\"Presse &#8226; Glenton JKB\",\"isPartOf\":{\"@id\":\"https:\/\/glentonjkb.fr\/#website\"},\"primaryImageOfPage\":{\"@id\":\"https:\/\/glentonjkb.fr\/press\/#primaryimage\"},\"image\":{\"@id\":\"https:\/\/glentonjkb.fr\/press\/#primaryimage\"},\"thumbnailUrl\":\"https:\/\/glentonjkb.fr\/wp-content\/uploads\/2024\/04\/Logo-BPI-France.png\",\"datePublished\":\"2023-04-20T13:30:18+00:00\",\"dateModified\":\"2025-01-13T12:11:15+00:00\",\"breadcrumb\":{\"@id\":\"https:\/\/glentonjkb.fr\/press\/#breadcrumb\"},\"inLanguage\":\"en-US\",\"potentialAction\":[{\"@type\":\"ReadAction\",\"target\":[\"https:\/\/glentonjkb.fr\/press\/\"]}]},{\"@type\":\"ImageObject\",\"inLanguage\":\"en-US\",\"@id\":\"https:\/\/glentonjkb.fr\/press\/#primaryimage\",\"url\":\"https:\/\/glentonjkb.fr\/wp-content\/uploads\/2024\/04\/Logo-BPI-France.png\",\"contentUrl\":\"https:\/\/glentonjkb.fr\/wp-content\/uploads\/2024\/04\/Logo-BPI-France.png\"},{\"@type\":\"BreadcrumbList\",\"@id\":\"https:\/\/glentonjkb.fr\/press\/#breadcrumb\",\"itemListElement\":[{\"@type\":\"ListItem\",\"position\":1,\"name\":\"Accueil\",\"item\":\"https:\/\/glentonjkb.fr\/\"},{\"@type\":\"ListItem\",\"position\":2,\"name\":\"Presse\"}]},{\"@type\":\"WebSite\",\"@id\":\"https:\/\/glentonjkb.fr\/#website\",\"url\":\"https:\/\/glentonjkb.fr\/\",\"name\":\"Glenton JKB\",\"description\":\"Juxebox d&#039;exception pour int\u00e9rieur de prestige.\",\"publisher\":{\"@id\":\"https:\/\/glentonjkb.fr\/#organization\"},\"potentialAction\":[{\"@type\":\"SearchAction\",\"target\":{\"@type\":\"EntryPoint\",\"urlTemplate\":\"https:\/\/glentonjkb.fr\/?s={search_term_string}\"},\"query-input\":{\"@type\":\"PropertyValueSpecification\",\"valueRequired\":true,\"valueName\":\"search_term_string\"}}],\"inLanguage\":\"en-US\"},{\"@type\":\"Organization\",\"@id\":\"https:\/\/glentonjkb.fr\/#organization\",\"name\":\"Glenton JKB\",\"url\":\"https:\/\/glentonjkb.fr\/\",\"logo\":{\"@type\":\"ImageObject\",\"inLanguage\":\"en-US\",\"@id\":\"https:\/\/glentonjkb.fr\/#\/schema\/logo\/image\/\",\"url\":\"https:\/\/glentonjkb.com\/wp-content\/uploads\/2022\/03\/logo2.png\",\"contentUrl\":\"https:\/\/glentonjkb.com\/wp-content\/uploads\/2022\/03\/logo2.png\",\"width\":334,\"height\":335,\"caption\":\"Glenton JKB\"},\"image\":{\"@id\":\"https:\/\/glentonjkb.fr\/#\/schema\/logo\/image\/\"}}]}<\/script>\n<!-- \/ Yoast SEO plugin. -->","yoast_head_json":{"title":"Presse &#8226; Glenton JKB","robots":{"index":"index","follow":"follow","max-snippet":"max-snippet:-1","max-image-preview":"max-image-preview:large","max-video-preview":"max-video-preview:-1"},"canonical":"https:\/\/glentonjkb.fr\/en\/press\/","og_locale":"en_US","og_type":"article","og_title":"Presse &#8226; Glenton JKB","og_description":"T\u00e9l\u00e9charger notre kit presse Cliquer ici BPI France Busi La French Tech La R\u00e9gion Lorem ipsum dolor sit&hellip;","og_url":"https:\/\/glentonjkb.fr\/en\/press\/","og_site_name":"Glenton JKB","article_modified_time":"2025-01-13T12:11:15+00:00","og_image":[{"url":"https:\/\/glentonjkb.fr\/wp-content\/uploads\/2024\/04\/Logo-BPI-France.png"}],"twitter_card":"summary_large_image","twitter_misc":{"Est. reading time":"1 minute"},"schema":{"@context":"https:\/\/schema.org","@graph":[{"@type":"WebPage","@id":"https:\/\/glentonjkb.fr\/press\/","url":"https:\/\/glentonjkb.fr\/press\/","name":"Presse &#8226; Glenton JKB","isPartOf":{"@id":"https:\/\/glentonjkb.fr\/#website"},"primaryImageOfPage":{"@id":"https:\/\/glentonjkb.fr\/press\/#primaryimage"},"image":{"@id":"https:\/\/glentonjkb.fr\/press\/#primaryimage"},"thumbnailUrl":"https:\/\/glentonjkb.fr\/wp-content\/uploads\/2024\/04\/Logo-BPI-France.png","datePublished":"2023-04-20T13:30:18+00:00","dateModified":"2025-01-13T12:11:15+00:00","breadcrumb":{"@id":"https:\/\/glentonjkb.fr\/press\/#breadcrumb"},"inLanguage":"en-US","potentialAction":[{"@type":"ReadAction","target":["https:\/\/glentonjkb.fr\/press\/"]}]},{"@type":"ImageObject","inLanguage":"en-US","@id":"https:\/\/glentonjkb.fr\/press\/#primaryimage","url":"https:\/\/glentonjkb.fr\/wp-content\/uploads\/2024\/04\/Logo-BPI-France.png","contentUrl":"https:\/\/glentonjkb.fr\/wp-content\/uploads\/2024\/04\/Logo-BPI-France.png"},{"@type":"BreadcrumbList","@id":"https:\/\/glentonjkb.fr\/press\/#breadcrumb","itemListElement":[{"@type":"ListItem","position":1,"name":"Accueil","item":"https:\/\/glentonjkb.fr\/"},{"@type":"ListItem","position":2,"name":"Presse"}]},{"@type":"WebSite","@id":"https:\/\/glentonjkb.fr\/#website","url":"https:\/\/glentonjkb.fr\/","name":"Glenton JKB","description":"Juxebox d&#039;exception pour int\u00e9rieur de prestige.","publisher":{"@id":"https:\/\/glentonjkb.fr\/#organization"},"potentialAction":[{"@type":"SearchAction","target":{"@type":"EntryPoint","urlTemplate":"https:\/\/glentonjkb.fr\/?s={search_term_string}"},"query-input":{"@type":"PropertyValueSpecification","valueRequired":true,"valueName":"search_term_string"}}],"inLanguage":"en-US"},{"@type":"Organization","@id":"https:\/\/glentonjkb.fr\/#organization","name":"Glenton JKB","url":"https:\/\/glentonjkb.fr\/","logo":{"@type":"ImageObject","inLanguage":"en-US","@id":"https:\/\/glentonjkb.fr\/#\/schema\/logo\/image\/","url":"https:\/\/glentonjkb.com\/wp-content\/uploads\/2022\/03\/logo2.png","contentUrl":"https:\/\/glentonjkb.com\/wp-content\/uploads\/2022\/03\/logo2.png","width":334,"height":335,"caption":"Glenton JKB"},"image":{"@id":"https:\/\/glentonjkb.fr\/#\/schema\/logo\/image\/"}}]}},"_links":{"self":[{"href":"https:\/\/glentonjkb.fr\/en\/wp-json\/wp\/v2\/pages\/2932","targetHints":{"allow":["GET"]}}],"collection":[{"href":"https:\/\/glentonjkb.fr\/en\/wp-json\/wp\/v2\/pages"}],"about":[{"href":"https:\/\/glentonjkb.fr\/en\/wp-json\/wp\/v2\/types\/page"}],"author":[{"embeddable":true,"href":"https:\/\/glentonjkb.fr\/en\/wp-json\/wp\/v2\/users\/1"}],"replies":[{"embeddable":true,"href":"https:\/\/glentonjkb.fr\/en\/wp-json\/wp\/v2\/comments?post=2932"}],"version-history":[{"count":22,"href":"https:\/\/glentonjkb.fr\/en\/wp-json\/wp\/v2\/pages\/2932\/revisions"}],"predecessor-version":[{"id":4136,"href":"https:\/\/glentonjkb.fr\/en\/wp-json\/wp\/v2\/pages\/2932\/revisions\/4136"}],"wp:attachment":[{"href":"https:\/\/glentonjkb.fr\/en\/wp-json\/wp\/v2\/media?parent=2932"}],"curies":[{"name":"wp","href":"https:\/\/api.w.org\/{rel}","templated":true}]}}